{"id":140,"date":"2024-01-19T14:18:27","date_gmt":"2024-01-19T14:18:27","guid":{"rendered":"https:\/\/www.fant.pl\/?post_type=product&#038;p=140"},"modified":"2026-03-23T09:43:27","modified_gmt":"2026-03-23T08:43:27","slug":"bizuteria-luxuary-test","status":"publish","type":"product","link":"https:\/\/www.fant.pl\/index.php\/produkt\/bizuteria-luxuary-test\/","title":{"rendered":"Timex Expedition Indiglo WR 50M"},"content":{"rendered":"<p>Zegarek m\u0119ski Japo\u0144skiej Formy<\/p>\n<p class=\"x-item-title__mainTitle\"><span class=\"ux-textspans ux-textspans--BOLD\"><strong>Vintage Timex Expedition Indiglo WR 50M<\/strong> <\/span><\/p>\n<p>Zegarek sprawny w 100%<\/p>\n<p>Nowa bateria i pasek<\/p>\n<p>&nbsp;<\/p>\n<section id=\"projector_dictionary\" class=\"dictionary\">\n<div class=\"dictionary__group --first --no-group\">\n<div class=\"dictionary__param mb-3\" data-producer=\"true\">\n<div class=\"dictionary__name\"><span class=\"dictionary__name_txt\">Marka<\/span><\/div>\n<div class=\"dictionary__values\">\n<div class=\"dictionary__value\">Zegarki TIMEX<\/div>\n<\/div>\n<\/div>\n<div class=\"dictionary__param mb-3\" data-code=\"true\">\n<div class=\"dictionary__name\"><span class=\"dictionary__name_txt\">Symbol <\/span><span class=\"dictionary__value_txt\">TW4B10600<\/span><\/div>\n<\/div>\n<div class=\"dictionary__param mb-3\" data-series=\"true\">\n<div class=\"dictionary__name \"><span class=\"dictionary__name_txt\">Seria <\/span>Timex Expedition Analog<\/div>\n<\/div>\n<div class=\"dictionary__param mb-3\" data-waranty=\"true\">\n<div class=\"dictionary__name \"><span class=\"dictionary__name_txt\">Gwarancja 3 miesi\u0105ce<br \/>\n<\/span><\/div>\n<\/div>\n<div class=\"dictionary__param mb-3\">\n<div class=\"dictionary__name \"><span class=\"dictionary__name_txt\">STYL\u00a0 <\/span><span class=\"dictionary__value_txt\">sportowy<\/span><\/div>\n<\/div>\n<div class=\"dictionary__param mb-3\">\n<div class=\"dictionary__name \"><span class=\"dictionary__name_txt\">KSZTA\u0141T KOPERT <\/span><span class=\"dictionary__value_txt\">okr\u0105g\u0142y<\/span><\/div>\n<\/div>\n<div class=\"dictionary__param mb-3\">\n<div class=\"dictionary__name \"><span class=\"dictionary__name_txt\">KOLOR <\/span><span class=\"dictionary__value_txt\">be\u017cowy \/ kremowy br\u0105zowy<\/span><\/div>\n<\/div>\n<div class=\"dictionary__param mb-3\">\n<div class=\"dictionary__name \"><span class=\"dictionary__name_txt\">MECHANIZM <\/span><span class=\"dictionary__value_txt\">kwarcowy<\/span><\/div>\n<\/div>\n<div class=\"dictionary__param mb-3\">\n<div class=\"dictionary__name \"><span class=\"dictionary__name_txt\">TARCZA <\/span><span class=\"dictionary__value_txt\">wskaz\u00f3wkowa<\/span><\/div>\n<\/div>\n<div class=\"dictionary__param mb-3\">\n<div class=\"dictionary__name \"><span class=\"dictionary__name_txt\">WODOSZCZELNO\u015a\u0106 <\/span><span class=\"dictionary__value_txt\">50M &#8211; pod prysznic<\/span><\/div>\n<\/div>\n<div class=\"dictionary__param mb-3\">\n<div class=\"dictionary__name \"><span class=\"dictionary__name_txt\">SZKIE\u0141KO <\/span><span class=\"dictionary__value_txt\">mineralne<\/span><\/div>\n<\/div>\n<div class=\"dictionary__param mb-3\">\n<div class=\"dictionary__name \"><span class=\"dictionary__name_txt\">MATERIA\u0141 KOPERTY <\/span><span class=\"dictionary__value_txt\">metal<\/span><\/div>\n<\/div>\n<div class=\"dictionary__param mb-3\">\n<div class=\"dictionary__name \"><span class=\"dictionary__name_txt\">PASEK \/ BRANSOLETA <\/span><span class=\"dictionary__value_txt\">NATO<\/span><\/div>\n<\/div>\n<div class=\"dictionary__param mb-3\">\n<div class=\"dictionary__name \"><span class=\"dictionary__name_txt\">POD\u015aWIETLENIE <\/span><span class=\"dictionary__value_txt\">pod\u015bwietlana tarcza<\/span><\/div>\n<\/div>\n<div class=\"dictionary__param mb-3\">\n<div class=\"dictionary__name \"><span class=\"dictionary__name_txt\">MAX. OBW\u00d3D NADGARSTKA <\/span><span class=\"dictionary__value_txt\">25,5 cm<\/span><\/div>\n<\/div>\n<div class=\"dictionary__param mb-3\">\n<div class=\"dictionary__name \"><span class=\"dictionary__name_txt\">KALENDARZ <\/span><span class=\"dictionary__value_txt\">datownik<\/span><\/div>\n<\/div>\n<\/div>\n<\/section>\n<p>&nbsp;<\/p>\n","protected":false},"excerpt":{"rendered":"<p>Zegarek m\u0119ski Japo\u0144skiej Formy Vintage Timex Expedition Indiglo WR 50M Zegarek sprawny w 100% Nowa bateria i pasek &nbsp; Marka Zegarki TIMEX Symbol TW4B10600 Seria Timex Expedition Analog Gwarancja 3 miesi\u0105ce STYL\u00a0 sportowy KSZTA\u0141T KOPERT okr\u0105g\u0142y KOLOR be\u017cowy \/ kremowy br\u0105zowy MECHANIZM kwarcowy TARCZA wskaz\u00f3wkowa WODOSZCZELNO\u015a\u0106 50M &#8211; pod prysznic SZKIE\u0141KO mineralne MATERIA\u0141 KOPERTY metal&#8230;<\/p>\n","protected":false},"featured_media":169,"template":"","meta":{"_kad_post_transparent":"","_kad_post_title":"","_kad_post_layout":"","_kad_post_sidebar_id":"","_kad_post_content_style":"","_kad_post_vertical_padding":"","_kad_post_feature":"","_kad_post_feature_position":"","_kad_post_header":false,"_kad_post_footer":false,"_kad_post_classname":""},"product_brand":[],"product_cat":[33,26],"product_tag":[35,34],"class_list":{"0":"post-140","1":"product","2":"type-product","3":"status-publish","4":"has-post-thumbnail","6":"product_cat-zegarki-meskie","7":"product_cat-zegary-i-zegarki","8":"product_tag-timex","9":"product_tag-zegarek-meski","11":"first","12":"outofstock","13":"purchasable","14":"product-type-simple","15":"entry","16":"content-bg","17":"loop-entry"},"jetpack_sharing_enabled":true,"_links":{"self":[{"href":"https:\/\/www.fant.pl\/index.php\/wp-json\/wp\/v2\/product\/140","targetHints":{"allow":["GET"]}}],"collection":[{"href":"https:\/\/www.fant.pl\/index.php\/wp-json\/wp\/v2\/product"}],"about":[{"href":"https:\/\/www.fant.pl\/index.php\/wp-json\/wp\/v2\/types\/product"}],"wp:featuredmedia":[{"embeddable":true,"href":"https:\/\/www.fant.pl\/index.php\/wp-json\/wp\/v2\/media\/169"}],"wp:attachment":[{"href":"https:\/\/www.fant.pl\/index.php\/wp-json\/wp\/v2\/media?parent=140"}],"wp:term":[{"taxonomy":"product_brand","embeddable":true,"href":"https:\/\/www.fant.pl\/index.php\/wp-json\/wp\/v2\/product_brand?post=140"},{"taxonomy":"product_cat","embeddable":true,"href":"https:\/\/www.fant.pl\/index.php\/wp-json\/wp\/v2\/product_cat?post=140"},{"taxonomy":"product_tag","embeddable":true,"href":"https:\/\/www.fant.pl\/index.php\/wp-json\/wp\/v2\/product_tag?post=140"}],"curies":[{"name":"wp","href":"https:\/\/api.w.org\/{rel}","templated":true}]}}