{"id":179,"date":"2024-01-23T10:01:21","date_gmt":"2024-01-23T10:01:21","guid":{"rendered":"https:\/\/www.fant.pl\/?post_type=product&#038;p=179"},"modified":"2025-10-01T19:01:40","modified_gmt":"2025-10-01T17:01:40","slug":"plyta-winylowa-dzem-najemnik-veriton-1989","status":"publish","type":"product","link":"https:\/\/www.fant.pl\/index.php\/produkt\/plyta-winylowa-dzem-najemnik-veriton-1989\/","title":{"rendered":"P\u0142yta Winylowa D\u017cem Najemnik Veriton 1989"},"content":{"rendered":"<h1 class=\"name\">D\u017cem &#8211; Najemnik 1989 1 PRESS<\/h1>\n<div class=\"product-tab\" data-tab=\"box_description\">\n<div class=\"innerbox\">\n<div class=\"resetcss\">\n<ul>\n<li>D\u017cem \u200e\u2013 Najemnik<\/li>\n<li>Label: Veriton \u200e\u2013 SXV-1008<\/li>\n<li>Format: Vinyl, LP, Album<\/li>\n<li>Country: Poland<\/li>\n<li>Released: Aug 1989<\/li>\n<li>Genre: Blues, Rock<\/li>\n<\/ul>\n<h3><strong>OCENA STANU P\u0141YTY<\/strong><\/h3>\n<p><strong>Ok\u0142adka: Good (G)<\/strong><\/p>\n<p><strong>P\u0142yta: Excellent EX-<br \/>\n<\/strong><\/p>\n<\/div>\n<hr \/>\n<div class=\"centercol s-grid-9\">\n<div data-boxes-side=\"2\">\n<div id=\"box_custom71\" class=\"box resetcss box_custom\">\n<div class=\"boxhead\">Informacje dodatkowe:<\/div>\n<h1 class=\"boxhead\"><strong>Skala ocen p\u0142yt winylowych<\/strong><\/h1>\n<div class=\"innerbox\">\n<p><strong>Skala ocen stanu p\u0142yt winylowych w sklepie fant.pl<\/strong><\/p>\n<p>Ka\u017cda oferowana w sklepie p\u0142yta jest bardzo rzetelnie opisana i surowo oceniona wg\u00a0poni\u017cszej skali ocen p\u0142yt winylowych:<\/p>\n<p><strong>Nowa\u00a0w folii\u00a0| Mint\u00a0(folia)<\/strong><\/p>\n<p><strong>ok\u0142adka<\/strong>: nowa, fabrycznie zafoliowana,<br \/>\n<strong>p\u0142yta<\/strong>: nowa<\/p>\n<p><strong>Nowa | Mint<\/strong><\/p>\n<p><strong>ok\u0142adka<\/strong>: nowa,<br \/>\n<strong>p\u0142yta<\/strong>: nowa<\/p>\n<p>Mint<br \/>\nMint-<\/p>\n<p><strong>Prawie jak nowa | Near mint (NM)<\/strong><\/p>\n<p><strong>ok\u0142adka<\/strong>: prawie jak nowa,<br \/>\n<strong>p\u0142yta<\/strong>: prawie jak nowa, bez oznak u\u017cywania, z zachowan\u0105 pe\u0142n\u0105 jako\u015bci\u0105 d\u017awi\u0119ku<\/p>\n<p>NM<br \/>\nNM-<\/p>\n<p><strong>Doskona\u0142a | Excellent (EX)<\/strong><\/p>\n<p><strong>ok\u0142adka<\/strong>: posiada pewne niewielkie oznaki u\u017cytkowania,<br \/>\n<strong>p\u0142yta<\/strong>: p\u0142yta: posiada niewielkie oznaki u\u017cywania, mog\u0105 wyst\u0119powa\u0107 bardzo drobne ryski, mo\u017cna s\u0142ysze\u0107 sporadyczne delikatne trzaski, zmniejszenie jako\u015bci d\u017awi\u0119ku jest niewielkie<\/p>\n<p>EX+++<br \/>\nEX++<br \/>\nEX+<br \/>\nEX<br \/>\nEX-<\/p>\n<p><strong>Bardzo dobra | Very good (VG)<\/strong><\/p>\n<p><strong>ok\u0142adka<\/strong>: mo\u017ce posiada\u0107 niewielkie zagniecenia, otarcia na kraw\u0119dziach i grzbiecie, uszkodzenia po cen\u00f3wkach,<br \/>\n<strong>p\u0142yta<\/strong>: grana wiele razy, mo\u017ce posiada\u0107 eksploatacyjne \u015brednie \u015blady u\u017cytkowania, p\u0142ytkie rysy i przetarcia, jednak nie przeskakuje i nie zawiesza si\u0119, w cichszych momentach mo\u017cna s\u0142ysze\u0107 lekkie trzaski i sma\u017cenie<\/p>\n<p>VG+++<br \/>\nVG++<br \/>\nVG+<br \/>\nVG<br \/>\nVG-<\/p>\n<p><strong>Dobra | Good (G)<\/strong><\/p>\n<p><strong>ok\u0142adka<\/strong>: mo\u017ce by\u0107 lekko uszkodzona, poplamiona, naderwana,<br \/>\n<strong>p\u0142yta<\/strong>: grana bardzo cz\u0119sto, mo\u017ce posiada\u0107 widoczne g\u0142\u0119bsze rysy, mog\u0105 wyst\u0105pi\u0107 szumy, trzaski, czasem niewielkie przeskoki<\/p>\n<p>G+++<br \/>\nG++<br \/>\nG+<br \/>\nG<\/p>\n<p><strong>Zadowalaj\u0105cy | Fair (F)<\/strong><\/p>\n<p><strong>ok\u0142adka<\/strong>: mo\u017ce by\u0107 mocno uszkodzona, mocno poplamiona, podarta,<br \/>\n<strong>p\u0142yta<\/strong>: mog\u0105 wyst\u0119powa\u0107 rysy, powoduj\u0105ce g\u0142o\u015bne trzaski i przeskoki<\/p>\n<p><strong>S\u0142aby | Poor (P)<\/strong><\/p>\n<p><strong>ok\u0142adka<\/strong>: bardzo zniszczona lub jej brak,<br \/>\n<strong>p\u0142yta<\/strong>: nie odtwarza si\u0119 zadowalaj\u0105co, liczne przeskoki<\/p>\n<p>Dla wi\u0119kszego doprecyzowania stanu p\u0142yt winylowych mog\u0105 wyst\u0119powa\u0107 \u0142\u0105czenia ocen tzw. oceny po\u015brednie oraz od jednego do maksymalnie trzech znak\u00f3w (+) i jeden (-) przy ocenach. Przyk\u0142adowo: ocena VG+++\/EX- oznacza, \u017ce p\u0142yta jest w du\u017co lepszym stanie ni\u017c VG, ale nie spe\u0142nia kryteri\u00f3w oceny EX lub EX-.<\/p>\n<\/div>\n<\/div>\n<\/div>\n<\/div>\n<\/div>\n<\/div>\n","protected":false},"excerpt":{"rendered":"<p>D\u017cem &#8211; Najemnik 1989 1 PRESS D\u017cem \u200e\u2013 Najemnik Label: Veriton \u200e\u2013 SXV-1008 Format: Vinyl, LP, Album Country: Poland Released: Aug 1989 Genre: Blues, Rock OCENA STANU P\u0141YTY Ok\u0142adka: Good (G) P\u0142yta: Excellent EX- Informacje dodatkowe: Skala ocen p\u0142yt winylowych Skala ocen stanu p\u0142yt winylowych w sklepie fant.pl Ka\u017cda oferowana w sklepie p\u0142yta jest bardzo&#8230;<\/p>\n","protected":false},"featured_media":180,"template":"","meta":{"_kad_post_transparent":"","_kad_post_title":"","_kad_post_layout":"","_kad_post_sidebar_id":"","_kad_post_content_style":"","_kad_post_vertical_padding":"","_kad_post_feature":"","_kad_post_feature_position":"","_kad_post_header":false,"_kad_post_footer":false,"_kad_post_classname":""},"product_brand":[],"product_cat":[39],"product_tag":[42,44,43,45,40,41],"class_list":{"0":"post-179","1":"product","2":"type-product","3":"status-publish","4":"has-post-thumbnail","6":"product_cat-plyty-winylowe-cd-kasety","7":"product_tag-audio","8":"product_tag-kasety-magnetofonowe","9":"product_tag-muzyka","10":"product_tag-plyty-cd","11":"product_tag-plyty-winylowe","12":"product_tag-winyl","14":"first","15":"instock","16":"sale","17":"purchasable","18":"product-type-simple","19":"entry","20":"content-bg","21":"loop-entry"},"jetpack_sharing_enabled":true,"_links":{"self":[{"href":"https:\/\/www.fant.pl\/index.php\/wp-json\/wp\/v2\/product\/179","targetHints":{"allow":["GET"]}}],"collection":[{"href":"https:\/\/www.fant.pl\/index.php\/wp-json\/wp\/v2\/product"}],"about":[{"href":"https:\/\/www.fant.pl\/index.php\/wp-json\/wp\/v2\/types\/product"}],"wp:featuredmedia":[{"embeddable":true,"href":"https:\/\/www.fant.pl\/index.php\/wp-json\/wp\/v2\/media\/180"}],"wp:attachment":[{"href":"https:\/\/www.fant.pl\/index.php\/wp-json\/wp\/v2\/media?parent=179"}],"wp:term":[{"taxonomy":"product_brand","embeddable":true,"href":"https:\/\/www.fant.pl\/index.php\/wp-json\/wp\/v2\/product_brand?post=179"},{"taxonomy":"product_cat","embeddable":true,"href":"https:\/\/www.fant.pl\/index.php\/wp-json\/wp\/v2\/product_cat?post=179"},{"taxonomy":"product_tag","embeddable":true,"href":"https:\/\/www.fant.pl\/index.php\/wp-json\/wp\/v2\/product_tag?post=179"}],"curies":[{"name":"wp","href":"https:\/\/api.w.org\/{rel}","templated":true}]}}