{"id":193,"date":"2024-01-23T13:17:32","date_gmt":"2024-01-23T12:17:32","guid":{"rendered":"https:\/\/www.fant.pl\/?post_type=product&#038;p=193"},"modified":"2026-03-24T13:53:28","modified_gmt":"2026-03-24T12:53:28","slug":"zenith-1945r-33-mm-cal-12-4-p-6-militarny","status":"publish","type":"product","link":"https:\/\/www.fant.pl\/index.php\/produkt\/zenith-1945r-33-mm-cal-12-4-p-6-militarny\/","title":{"rendered":"( Przedmiot Sprzedany ) Zenith 1945r. 33 mm cal. 12-4-P-6 Militarny"},"content":{"rendered":"<div class=\"ml-text-truncate__content\">\n<div>\n<div class=\"mlc-no-hydrate\">\n<div class=\"ml-text-medium  ml-text-hyphens mlc-offer__offer-details-text\">\n<p>Na sprzeda\u017c rzadki Zenith cal. 12-4-P-6 wyprodukowany dla Szweckiej armii w 1945 roku<\/p>\n<p>Zegarek zachowany w bardzo dobrym, oryginalnym stanie<\/p>\n<p>Tarcza i wskaz\u00f3wki zachowane w oryginalnym stanie, luma jeszcze \u015bwieci:)<\/p>\n<p>Koperta stalowa bez wgniece\u0144 czy zarysowa\u0144, 33 mm bez koronki<\/p>\n<p>Koronka stalowa, oryginalna<\/p>\n<p>Szkie\u0142ko z plexi<\/p>\n<p>Dekiel stalowy sygnowany i numerowany. Posiada oznaczenie &#8222;Stotsaker&#8221; w j\u0119zyku Szweckim oznacza wodoodporny<\/p>\n<p>Znakomitej jako\u015bci mechanizm cal. 12-4-P-6 na dobrym chodzie, zegarek<\/p>\n<p>Zegarek zachowany w \u0142adnym stanie, sprzedawany na losowym sk\u00f3rzanym pasku<\/p>\n<\/div>\n<\/div>\n<\/div>\n<\/div>\n","protected":false},"excerpt":{"rendered":"<p>Na sprzeda\u017c rzadki Zenith cal. 12-4-P-6 wyprodukowany dla Szweckiej armii w 1945 roku Zegarek zachowany w bardzo dobrym, oryginalnym stanie Tarcza i wskaz\u00f3wki zachowane w oryginalnym stanie, luma jeszcze \u015bwieci:) Koperta stalowa bez wgniece\u0144 czy zarysowa\u0144, 33 mm bez koronki Koronka stalowa, oryginalna Szkie\u0142ko z plexi Dekiel stalowy sygnowany i numerowany. Posiada oznaczenie &#8222;Stotsaker&#8221; w&#8230;<\/p>\n","protected":false},"featured_media":196,"template":"","meta":{"_kad_post_transparent":"","_kad_post_title":"","_kad_post_layout":"","_kad_post_sidebar_id":"","_kad_post_content_style":"","_kad_post_vertical_padding":"","_kad_post_feature":"","_kad_post_feature_position":"","_kad_post_header":false,"_kad_post_footer":false,"_kad_post_classname":""},"product_brand":[],"product_cat":[33],"product_tag":[],"class_list":{"0":"post-193","1":"product","2":"type-product","3":"status-publish","4":"has-post-thumbnail","6":"product_cat-zegarki-meskie","8":"first","9":"instock","10":"purchasable","11":"product-type-simple","12":"entry","13":"content-bg","14":"loop-entry"},"jetpack_sharing_enabled":true,"_links":{"self":[{"href":"https:\/\/www.fant.pl\/index.php\/wp-json\/wp\/v2\/product\/193","targetHints":{"allow":["GET"]}}],"collection":[{"href":"https:\/\/www.fant.pl\/index.php\/wp-json\/wp\/v2\/product"}],"about":[{"href":"https:\/\/www.fant.pl\/index.php\/wp-json\/wp\/v2\/types\/product"}],"wp:featuredmedia":[{"embeddable":true,"href":"https:\/\/www.fant.pl\/index.php\/wp-json\/wp\/v2\/media\/196"}],"wp:attachment":[{"href":"https:\/\/www.fant.pl\/index.php\/wp-json\/wp\/v2\/media?parent=193"}],"wp:term":[{"taxonomy":"product_brand","embeddable":true,"href":"https:\/\/www.fant.pl\/index.php\/wp-json\/wp\/v2\/product_brand?post=193"},{"taxonomy":"product_cat","embeddable":true,"href":"https:\/\/www.fant.pl\/index.php\/wp-json\/wp\/v2\/product_cat?post=193"},{"taxonomy":"product_tag","embeddable":true,"href":"https:\/\/www.fant.pl\/index.php\/wp-json\/wp\/v2\/product_tag?post=193"}],"curies":[{"name":"wp","href":"https:\/\/api.w.org\/{rel}","templated":true}]}}