{"id":216,"date":"2024-01-23T14:46:41","date_gmt":"2024-01-23T13:46:41","guid":{"rendered":"https:\/\/www.fant.pl\/?post_type=product&#038;p=216"},"modified":"2026-03-24T15:05:04","modified_gmt":"2026-03-24T14:05:04","slug":"oficerski-pas-z-koalicyjka-wojenny","status":"publish","type":"product","link":"https:\/\/www.fant.pl\/index.php\/produkt\/oficerski-pas-z-koalicyjka-wojenny\/","title":{"rendered":"( PRzedmiot Sprzedany ) Oficerski pas z koalicyjk\u0105. Wojenny!"},"content":{"rendered":"<p>Zapraszam do zakupu oryginalnego wojennego pasa oficerskiego z koalicyjk\u0105.<\/p>\n<p>W typie pasa angielskiego Sam Browne<\/p>\n<p>D\u0142ugo\u015b\u0107 110 cm, szeroko\u015b\u0107 5,5 cm<\/p>\n<p>Elementy metalowe i sk\u00f3rzane w bardzo dobrym stanie jak na za\u0142\u0105czonych zdj\u0119ciach<\/p>\n<p>Syg. A. Suleau 30400<\/p>\n<p>Rzadki komplet<\/p>\n<p>Orygina\u0142!<\/p>\n","protected":false},"excerpt":{"rendered":"<p>Zapraszam do zakupu oryginalnego wojennego pasa oficerskiego z koalicyjk\u0105. W typie pasa angielskiego Sam Browne D\u0142ugo\u015b\u0107 110 cm, szeroko\u015b\u0107 5,5 cm Elementy metalowe i sk\u00f3rzane w bardzo dobrym stanie jak na za\u0142\u0105czonych zdj\u0119ciach Syg. A. Suleau 30400 Rzadki komplet Orygina\u0142!<\/p>\n","protected":false},"featured_media":217,"template":"","meta":{"_kad_post_transparent":"","_kad_post_title":"","_kad_post_layout":"","_kad_post_sidebar_id":"","_kad_post_content_style":"","_kad_post_vertical_padding":"","_kad_post_feature":"","_kad_post_feature_position":"","_kad_post_header":false,"_kad_post_footer":false,"_kad_post_classname":""},"product_brand":[],"product_cat":[22],"product_tag":[],"class_list":{"0":"post-216","1":"product","2":"type-product","3":"status-publish","4":"has-post-thumbnail","6":"product_cat-militaria","8":"first","9":"outofstock","10":"purchasable","11":"product-type-simple","12":"entry","13":"content-bg","14":"loop-entry"},"jetpack_sharing_enabled":true,"_links":{"self":[{"href":"https:\/\/www.fant.pl\/index.php\/wp-json\/wp\/v2\/product\/216","targetHints":{"allow":["GET"]}}],"collection":[{"href":"https:\/\/www.fant.pl\/index.php\/wp-json\/wp\/v2\/product"}],"about":[{"href":"https:\/\/www.fant.pl\/index.php\/wp-json\/wp\/v2\/types\/product"}],"wp:featuredmedia":[{"embeddable":true,"href":"https:\/\/www.fant.pl\/index.php\/wp-json\/wp\/v2\/media\/217"}],"wp:attachment":[{"href":"https:\/\/www.fant.pl\/index.php\/wp-json\/wp\/v2\/media?parent=216"}],"wp:term":[{"taxonomy":"product_brand","embeddable":true,"href":"https:\/\/www.fant.pl\/index.php\/wp-json\/wp\/v2\/product_brand?post=216"},{"taxonomy":"product_cat","embeddable":true,"href":"https:\/\/www.fant.pl\/index.php\/wp-json\/wp\/v2\/product_cat?post=216"},{"taxonomy":"product_tag","embeddable":true,"href":"https:\/\/www.fant.pl\/index.php\/wp-json\/wp\/v2\/product_tag?post=216"}],"curies":[{"name":"wp","href":"https:\/\/api.w.org\/{rel}","templated":true}]}}