{"id":280,"date":"2024-04-02T14:04:26","date_gmt":"2024-04-02T12:04:26","guid":{"rendered":"https:\/\/www.fant.pl\/?post_type=product&#038;p=280"},"modified":"2026-03-24T14:33:58","modified_gmt":"2026-03-24T13:33:58","slug":"zlota-bransoletka-z-cyrkoniami","status":"publish","type":"product","link":"https:\/\/www.fant.pl\/index.php\/produkt\/zlota-bransoletka-z-cyrkoniami\/","title":{"rendered":"( Przedmiot Sprzedany )Z\u0142ota bransoletka z cyrkoniami"},"content":{"rendered":"<p>Pi\u0119kna unikatowa bransoletka wykonana w Wietnamie.<\/p>\n<p>&#8211; Bransoletka zosta\u0142a wykonana ze z\u0142ota pr\u00f3by 610 ~15ct ( pr\u00f3ba ta zosta\u0142a trwale umieszczona na<br \/>\nwewn\u0119trznej stronie bransoletki )<br \/>\n&#8211; Waga bransoletki to 6,7g<\/p>\n<p>\u015arednica 15,5 cm<\/p>\n","protected":false},"excerpt":{"rendered":"<p>Pi\u0119kna unikatowa bransoletka wykonana w Wietnamie. &#8211; Bransoletka zosta\u0142a wykonana ze z\u0142ota pr\u00f3by 610 ~15ct ( pr\u00f3ba ta zosta\u0142a trwale umieszczona na wewn\u0119trznej stronie bransoletki ) &#8211; Waga bransoletki to 6,7g \u015arednica 15,5 cm<\/p>\n","protected":false},"featured_media":286,"template":"","meta":{"_kad_post_transparent":"","_kad_post_title":"","_kad_post_layout":"","_kad_post_sidebar_id":"","_kad_post_content_style":"","_kad_post_vertical_padding":"","_kad_post_feature":"","_kad_post_feature_position":"","_kad_post_header":false,"_kad_post_footer":false,"_kad_post_classname":""},"product_brand":[],"product_cat":[23],"product_tag":[],"class_list":{"0":"post-280","1":"product","2":"type-product","3":"status-publish","4":"has-post-thumbnail","6":"product_cat-zloto-i-srebro-bizuteria","8":"first","9":"outofstock","10":"purchasable","11":"product-type-simple","12":"entry","13":"content-bg","14":"loop-entry"},"jetpack_sharing_enabled":true,"_links":{"self":[{"href":"https:\/\/www.fant.pl\/index.php\/wp-json\/wp\/v2\/product\/280","targetHints":{"allow":["GET"]}}],"collection":[{"href":"https:\/\/www.fant.pl\/index.php\/wp-json\/wp\/v2\/product"}],"about":[{"href":"https:\/\/www.fant.pl\/index.php\/wp-json\/wp\/v2\/types\/product"}],"wp:featuredmedia":[{"embeddable":true,"href":"https:\/\/www.fant.pl\/index.php\/wp-json\/wp\/v2\/media\/286"}],"wp:attachment":[{"href":"https:\/\/www.fant.pl\/index.php\/wp-json\/wp\/v2\/media?parent=280"}],"wp:term":[{"taxonomy":"product_brand","embeddable":true,"href":"https:\/\/www.fant.pl\/index.php\/wp-json\/wp\/v2\/product_brand?post=280"},{"taxonomy":"product_cat","embeddable":true,"href":"https:\/\/www.fant.pl\/index.php\/wp-json\/wp\/v2\/product_cat?post=280"},{"taxonomy":"product_tag","embeddable":true,"href":"https:\/\/www.fant.pl\/index.php\/wp-json\/wp\/v2\/product_tag?post=280"}],"curies":[{"name":"wp","href":"https:\/\/api.w.org\/{rel}","templated":true}]}}