{"id":289,"date":"2024-04-03T12:01:00","date_gmt":"2024-04-03T12:01:00","guid":{"rendered":"https:\/\/www.fant.pl\/?post_type=product&#038;p=289"},"modified":"2026-03-24T14:23:04","modified_gmt":"2026-03-24T13:23:04","slug":"patera-hefra-lata-70-te","status":"publish","type":"product","link":"https:\/\/www.fant.pl\/index.php\/produkt\/patera-hefra-lata-70-te\/","title":{"rendered":"Patera Hefra lata 70-te"},"content":{"rendered":"<p>Patera wyprodukowana zosta\u0142a w Polsce przez wytw\u00f3rni\u0119 Hefra w latach 70-tych. Wykonana z metalu platerowanego.<\/p>\n<p>Sygnowana &#8222;MET&#8221;<\/p>\n<p>Zachowana jest w bardzo dobrym stanie.<\/p>\n<p>\u015arednica 21 cm<\/p>\n<p>Wysoko\u015b\u0107 3 cm<\/p>\n<p>&nbsp;<\/p>\n","protected":false},"excerpt":{"rendered":"<p>Patera wyprodukowana zosta\u0142a w Polsce przez wytw\u00f3rni\u0119 Hefra w latach 70-tych. Wykonana z metalu platerowanego. Sygnowana &#8222;MET&#8221; Zachowana jest w bardzo dobrym stanie. \u015arednica 21 cm Wysoko\u015b\u0107 3 cm &nbsp;<\/p>\n","protected":false},"featured_media":292,"template":"","meta":{"_kad_post_transparent":"","_kad_post_title":"","_kad_post_layout":"","_kad_post_sidebar_id":"","_kad_post_content_style":"","_kad_post_vertical_padding":"","_kad_post_feature":"","_kad_post_feature_position":"","_kad_post_header":false,"_kad_post_footer":false,"_kad_post_classname":""},"product_brand":[],"product_cat":[24],"product_tag":[],"class_list":{"0":"post-289","1":"product","2":"type-product","3":"status-publish","4":"has-post-thumbnail","6":"product_cat-antyki","8":"first","9":"outofstock","10":"purchasable","11":"product-type-simple","12":"entry","13":"content-bg","14":"loop-entry"},"jetpack_sharing_enabled":true,"_links":{"self":[{"href":"https:\/\/www.fant.pl\/index.php\/wp-json\/wp\/v2\/product\/289","targetHints":{"allow":["GET"]}}],"collection":[{"href":"https:\/\/www.fant.pl\/index.php\/wp-json\/wp\/v2\/product"}],"about":[{"href":"https:\/\/www.fant.pl\/index.php\/wp-json\/wp\/v2\/types\/product"}],"wp:featuredmedia":[{"embeddable":true,"href":"https:\/\/www.fant.pl\/index.php\/wp-json\/wp\/v2\/media\/292"}],"wp:attachment":[{"href":"https:\/\/www.fant.pl\/index.php\/wp-json\/wp\/v2\/media?parent=289"}],"wp:term":[{"taxonomy":"product_brand","embeddable":true,"href":"https:\/\/www.fant.pl\/index.php\/wp-json\/wp\/v2\/product_brand?post=289"},{"taxonomy":"product_cat","embeddable":true,"href":"https:\/\/www.fant.pl\/index.php\/wp-json\/wp\/v2\/product_cat?post=289"},{"taxonomy":"product_tag","embeddable":true,"href":"https:\/\/www.fant.pl\/index.php\/wp-json\/wp\/v2\/product_tag?post=289"}],"curies":[{"name":"wp","href":"https:\/\/api.w.org\/{rel}","templated":true}]}}