{"id":298,"date":"2024-04-03T14:24:10","date_gmt":"2024-04-03T12:24:10","guid":{"rendered":"https:\/\/www.fant.pl\/?post_type=product&#038;p=298"},"modified":"2026-03-24T14:22:35","modified_gmt":"2026-03-24T13:22:35","slug":"niemiecki-bagnet-wz-s8498-iii-resza","status":"publish","type":"product","link":"https:\/\/www.fant.pl\/index.php\/produkt\/niemiecki-bagnet-wz-s8498-iii-resza\/","title":{"rendered":"(Przedmiot Sprzedany) Niemiecki Bagnet wz. S8498 III Resza"},"content":{"rendered":"<div class=\"ml-text-truncate__content\">\n<div>\n<div class=\"mlc-no-hydrate\">\n<div class=\"ml-text-medium  ml-text-hyphens mlc-offer__offer-details-text\">\n<p>ORYGINALNY niemiecki bagnet z czas\u00f3w II wojny \u015bwiatowej<\/p>\n<p>Niemiecki bagnet do Mausera Kar98 S84\/98 z pochw\u0105 I \u017cabk\u0105<\/p>\n<p>Jak na swoje lata bagnet zachowa\u0142 si\u0119 w dobrym stanie<\/p>\n<p>Bagnet, pochwa i \u017cabka sygnowane.<\/p>\n<p>Bagnet S 84\/98 by\u0142 u\u017cywany przez wojska niemieckie podczas II Wojny \u015awiatowej.<\/p>\n<p>Wykonywany ze stali Solingen, wywodzi\u0142 si\u0119 od modelu z 1915 roku, produkowany seryjnie w latach 1934-1945. W katalogu wzor\u00f3w uzbrojenia, posiada oznaczenie Gerat 1-1013.<\/p>\n<p>D\u0142ugo\u015b\u0107 ostrza: 25,5 cm<br \/>\nD\u0142ugo\u015b\u0107 ca\u0142kowita: 39 cm<\/p>\n<p>Pochwa: stal w\u0119glowa walcowana na zimno<br \/>\nOstrze: stal w\u0119glowa AISI 1065<br \/>\nR\u0119koje\u015b\u0107: stal mi\u0119kka i twarde drewno<br \/>\n\u017babka wykonana ze sk\u00f3ry<\/p>\n<p>Nie propaguj\u0119 nazizmu. Przedmiot kolekcjonerski, historyczny w 100% oryginalny.<\/p>\n<\/div>\n<\/div>\n<\/div>\n<\/div>\n","protected":false},"excerpt":{"rendered":"<p>ORYGINALNY niemiecki bagnet z czas\u00f3w II wojny \u015bwiatowej Niemiecki bagnet do Mausera Kar98 S84\/98 z pochw\u0105 I \u017cabk\u0105 Jak na swoje lata bagnet zachowa\u0142 si\u0119 w dobrym stanie Bagnet, pochwa i \u017cabka sygnowane. Bagnet S 84\/98 by\u0142 u\u017cywany przez wojska niemieckie podczas II Wojny \u015awiatowej. Wykonywany ze stali Solingen, wywodzi\u0142 si\u0119 od modelu z 1915&#8230;<\/p>\n","protected":false},"featured_media":303,"template":"","meta":{"_kad_post_transparent":"","_kad_post_title":"","_kad_post_layout":"","_kad_post_sidebar_id":"","_kad_post_content_style":"","_kad_post_vertical_padding":"","_kad_post_feature":"","_kad_post_feature_position":"","_kad_post_header":false,"_kad_post_footer":false,"_kad_post_classname":""},"product_brand":[],"product_cat":[17,22],"product_tag":[],"class_list":{"0":"post-298","1":"product","2":"type-product","3":"status-publish","4":"has-post-thumbnail","6":"product_cat-bez-kategorii","7":"product_cat-militaria","9":"first","10":"outofstock","11":"purchasable","12":"product-type-simple","13":"entry","14":"content-bg","15":"loop-entry"},"jetpack_sharing_enabled":true,"_links":{"self":[{"href":"https:\/\/www.fant.pl\/index.php\/wp-json\/wp\/v2\/product\/298","targetHints":{"allow":["GET"]}}],"collection":[{"href":"https:\/\/www.fant.pl\/index.php\/wp-json\/wp\/v2\/product"}],"about":[{"href":"https:\/\/www.fant.pl\/index.php\/wp-json\/wp\/v2\/types\/product"}],"wp:featuredmedia":[{"embeddable":true,"href":"https:\/\/www.fant.pl\/index.php\/wp-json\/wp\/v2\/media\/303"}],"wp:attachment":[{"href":"https:\/\/www.fant.pl\/index.php\/wp-json\/wp\/v2\/media?parent=298"}],"wp:term":[{"taxonomy":"product_brand","embeddable":true,"href":"https:\/\/www.fant.pl\/index.php\/wp-json\/wp\/v2\/product_brand?post=298"},{"taxonomy":"product_cat","embeddable":true,"href":"https:\/\/www.fant.pl\/index.php\/wp-json\/wp\/v2\/product_cat?post=298"},{"taxonomy":"product_tag","embeddable":true,"href":"https:\/\/www.fant.pl\/index.php\/wp-json\/wp\/v2\/product_tag?post=298"}],"curies":[{"name":"wp","href":"https:\/\/api.w.org\/{rel}","templated":true}]}}