{"id":311,"date":"2024-04-03T14:54:19","date_gmt":"2024-04-03T12:54:19","guid":{"rendered":"https:\/\/www.fant.pl\/?post_type=product&#038;p=311"},"modified":"2026-03-24T14:19:14","modified_gmt":"2026-03-24T13:19:14","slug":"srebrna-pudernica-imago-artis","status":"publish","type":"product","link":"https:\/\/www.fant.pl\/index.php\/produkt\/srebrna-pudernica-imago-artis\/","title":{"rendered":"( Przedmiot Sprzedany ) Srebrna Pudernica Imago Artis"},"content":{"rendered":"<div class=\"ml-text-truncate__content\">\n<div>\n<div class=\"mlc-no-hydrate\">\n<div class=\"ml-text-medium  ml-text-hyphens mlc-offer__offer-details-text\">\n<p>Chcialiby\u015bmy zaproponowa\u0107 pi\u0119kn\u0105 srebrn\u0105 puderniczk\u0119 wyprodukowan\u0105 przez krakowsk\u0105 sp\u00f3\u0142dzielni\u0119 Imago Artis wykonan\u0105 w latach 1931-1963r.<\/p>\n<p>Sp\u00f3\u0142dzielnia Pracy R\u0119kodzie\u0142a Artystycznego \u201eImago Artis\u201d\u2013 dzia\u0142aj\u0105ca w latach 1947\u20131998sp\u00f3\u0142dzielnia pracyr\u0119kodzie\u0142a artystycznego utworzona wKrakowie; jedna z pierwszych firm jubilerskich powsta\u0142ych w Polsce po drugiej wojnie \u015bwiatowej. Wyroby \u201eImago Artis\u201d charakteryzowa\u0142a technikafiligranuoraz wykorzystaniesrebra.<\/p>\n<p>Stan pudernicy jest bardzo dobry, jedynym mankamentem jest brak lusterka, kt\u00f3re mo\u017cna drobi\u0107 w zak\u0142adzie szklarskim.<\/p>\n<p>Pudernica jest okaza\u0142ych rozmiar\u00f3w bo a\u017c 10.8cm \u015brednicy. Rzadko spotyka si\u0119 ju\u017c pudernice tej sp\u00f3\u0142dzielni w tym stanie zachowania.<\/p>\n<p>Waga 152g<\/p>\n<p>Srebro pr\u00f3by 3 (800) z lat 1963-1986r<\/p>\n<\/div>\n<\/div>\n<\/div>\n<\/div>\n","protected":false},"excerpt":{"rendered":"<p>Chcialiby\u015bmy zaproponowa\u0107 pi\u0119kn\u0105 srebrn\u0105 puderniczk\u0119 wyprodukowan\u0105 przez krakowsk\u0105 sp\u00f3\u0142dzielni\u0119 Imago Artis wykonan\u0105 w latach 1931-1963r. Sp\u00f3\u0142dzielnia Pracy R\u0119kodzie\u0142a Artystycznego \u201eImago Artis\u201d\u2013 dzia\u0142aj\u0105ca w latach 1947\u20131998sp\u00f3\u0142dzielnia pracyr\u0119kodzie\u0142a artystycznego utworzona wKrakowie; jedna z pierwszych firm jubilerskich powsta\u0142ych w Polsce po drugiej wojnie \u015bwiatowej. Wyroby \u201eImago Artis\u201d charakteryzowa\u0142a technikafiligranuoraz wykorzystaniesrebra. Stan pudernicy jest bardzo dobry, jedynym mankamentem jest&#8230;<\/p>\n","protected":false},"featured_media":312,"template":"","meta":{"_kad_post_transparent":"","_kad_post_title":"","_kad_post_layout":"","_kad_post_sidebar_id":"","_kad_post_content_style":"","_kad_post_vertical_padding":"","_kad_post_feature":"","_kad_post_feature_position":"","_kad_post_header":false,"_kad_post_footer":false,"_kad_post_classname":""},"product_brand":[],"product_cat":[24],"product_tag":[],"class_list":{"0":"post-311","1":"product","2":"type-product","3":"status-publish","4":"has-post-thumbnail","6":"product_cat-antyki","8":"first","9":"outofstock","10":"purchasable","11":"product-type-simple","12":"entry","13":"content-bg","14":"loop-entry"},"jetpack_sharing_enabled":true,"_links":{"self":[{"href":"https:\/\/www.fant.pl\/index.php\/wp-json\/wp\/v2\/product\/311","targetHints":{"allow":["GET"]}}],"collection":[{"href":"https:\/\/www.fant.pl\/index.php\/wp-json\/wp\/v2\/product"}],"about":[{"href":"https:\/\/www.fant.pl\/index.php\/wp-json\/wp\/v2\/types\/product"}],"wp:featuredmedia":[{"embeddable":true,"href":"https:\/\/www.fant.pl\/index.php\/wp-json\/wp\/v2\/media\/312"}],"wp:attachment":[{"href":"https:\/\/www.fant.pl\/index.php\/wp-json\/wp\/v2\/media?parent=311"}],"wp:term":[{"taxonomy":"product_brand","embeddable":true,"href":"https:\/\/www.fant.pl\/index.php\/wp-json\/wp\/v2\/product_brand?post=311"},{"taxonomy":"product_cat","embeddable":true,"href":"https:\/\/www.fant.pl\/index.php\/wp-json\/wp\/v2\/product_cat?post=311"},{"taxonomy":"product_tag","embeddable":true,"href":"https:\/\/www.fant.pl\/index.php\/wp-json\/wp\/v2\/product_tag?post=311"}],"curies":[{"name":"wp","href":"https:\/\/api.w.org\/{rel}","templated":true}]}}