{"id":318,"date":"2024-04-04T14:32:49","date_gmt":"2024-04-04T12:32:49","guid":{"rendered":"https:\/\/www.fant.pl\/?post_type=product&#038;p=318"},"modified":"2025-10-30T13:09:46","modified_gmt":"2025-10-30T12:09:46","slug":"stara-patera-mettlach-villeroyboch-zamek-1896r","status":"publish","type":"product","link":"https:\/\/www.fant.pl\/index.php\/produkt\/stara-patera-mettlach-villeroyboch-zamek-1896r\/","title":{"rendered":"(PRZEDMIOT SPRZEDANY) Stara Patera Mettlach Villeroy&amp;Boch Zamek 1896r."},"content":{"rendered":"<div class=\"ml-text-truncate__content\">\n<div>\n<div class=\"mlc-no-hydrate\">\n<div class=\"ml-text-medium  ml-text-hyphens mlc-offer__offer-details-text\">\n<p>Patera Mettlach Villeroy&amp;Boch 1894 -1896r.<\/p>\n<p>Zamek na Renem<\/p>\n<p>Nr 2195<\/p>\n<p>Przepi\u0119kna du\u017ca patera z zamkiem po\u0142o\u017conym nad Renem. Intensywne kolory, kraw\u0119d\u017a z\u0142ocona, doskona\u0142y stan zachowania.<\/p>\n<p>Patera z mo\u017cliwo\u015bci\u0105 powieszenia na \u015bcianie.<\/p>\n<p>\u015arednica 44 cm.<\/p>\n<\/div>\n<\/div>\n<\/div>\n<\/div>\n","protected":false},"excerpt":{"rendered":"<p>Patera Mettlach Villeroy&amp;Boch 1894 -1896r. Zamek na Renem Nr 2195 Przepi\u0119kna du\u017ca patera z zamkiem po\u0142o\u017conym nad Renem. Intensywne kolory, kraw\u0119d\u017a z\u0142ocona, doskona\u0142y stan zachowania. Patera z mo\u017cliwo\u015bci\u0105 powieszenia na \u015bcianie. \u015arednica 44 cm.<\/p>\n","protected":false},"featured_media":327,"template":"","meta":{"_kad_post_transparent":"","_kad_post_title":"","_kad_post_layout":"","_kad_post_sidebar_id":"","_kad_post_content_style":"","_kad_post_vertical_padding":"","_kad_post_feature":"","_kad_post_feature_position":"","_kad_post_header":false,"_kad_post_footer":false,"_kad_post_classname":""},"product_brand":[],"product_cat":[24],"product_tag":[],"class_list":{"0":"post-318","1":"product","2":"type-product","3":"status-publish","4":"has-post-thumbnail","6":"product_cat-antyki","8":"first","9":"outofstock","10":"purchasable","11":"product-type-simple","12":"entry","13":"content-bg","14":"loop-entry"},"jetpack_sharing_enabled":true,"_links":{"self":[{"href":"https:\/\/www.fant.pl\/index.php\/wp-json\/wp\/v2\/product\/318","targetHints":{"allow":["GET"]}}],"collection":[{"href":"https:\/\/www.fant.pl\/index.php\/wp-json\/wp\/v2\/product"}],"about":[{"href":"https:\/\/www.fant.pl\/index.php\/wp-json\/wp\/v2\/types\/product"}],"wp:featuredmedia":[{"embeddable":true,"href":"https:\/\/www.fant.pl\/index.php\/wp-json\/wp\/v2\/media\/327"}],"wp:attachment":[{"href":"https:\/\/www.fant.pl\/index.php\/wp-json\/wp\/v2\/media?parent=318"}],"wp:term":[{"taxonomy":"product_brand","embeddable":true,"href":"https:\/\/www.fant.pl\/index.php\/wp-json\/wp\/v2\/product_brand?post=318"},{"taxonomy":"product_cat","embeddable":true,"href":"https:\/\/www.fant.pl\/index.php\/wp-json\/wp\/v2\/product_cat?post=318"},{"taxonomy":"product_tag","embeddable":true,"href":"https:\/\/www.fant.pl\/index.php\/wp-json\/wp\/v2\/product_tag?post=318"}],"curies":[{"name":"wp","href":"https:\/\/api.w.org\/{rel}","templated":true}]}}