{"id":333,"date":"2024-04-04T14:44:00","date_gmt":"2024-04-04T12:44:00","guid":{"rendered":"https:\/\/www.fant.pl\/?post_type=product&#038;p=333"},"modified":"2026-03-24T14:19:41","modified_gmt":"2026-03-24T13:19:41","slug":"kolczyki-w-bialym-zlocie-585-diamenty","status":"publish","type":"product","link":"https:\/\/www.fant.pl\/index.php\/produkt\/kolczyki-w-bialym-zlocie-585-diamenty\/","title":{"rendered":"(Przedmiot Sprzedany) Kolczyki w bia\u0142ym z\u0142ocie 585 Diamenty"},"content":{"rendered":"<div class=\"ml-text-truncate__content\">\n<div>\n<div class=\"mlc-no-hydrate\">\n<div class=\"ml-text-medium  ml-text-hyphens mlc-offer__offer-details-text\">\n<p>Na sprzeda\u017c oferujemy pi\u0119kne kolczyki wykonane z bia\u0142ego 14-karatowego z\u0142ota. Wysadzane s\u0105 diamentami w szlifie brylantowym<\/p>\n<p>Waga 4,65g<\/p>\n<p>\u0141\u0105czna ilo\u015b\u0107 diament\u00f3w 62 sztuki, po 31 na kolczyk<\/p>\n<p>Pr\u00f3ba 585, wybita polsk\u0105 cecha probiercza (cyfra 3, Litera P-Pozna\u0144 oraz g\u0142owa rycerza)<\/p>\n<p>Diamenty sprawdzane profesjonalnym testerem &#8222;Presidium&#8221;<\/p>\n<p>Po wcze\u015bniejszym kontakcie mo\u017cliwo\u015b\u0107 wykonania certyfikatu, koszt 150 z\u0142<\/p>\n<p>Kolczyki pi\u0119knie prezentuj\u0105 si\u0119 na uchu, zapi\u0119cia sprawne. Og\u00f3lny stan oceniam na bardzo dobry<\/p>\n<\/div>\n<\/div>\n<\/div>\n<\/div>\n","protected":false},"excerpt":{"rendered":"<p>Na sprzeda\u017c oferujemy pi\u0119kne kolczyki wykonane z bia\u0142ego 14-karatowego z\u0142ota. Wysadzane s\u0105 diamentami w szlifie brylantowym Waga 4,65g \u0141\u0105czna ilo\u015b\u0107 diament\u00f3w 62 sztuki, po 31 na kolczyk Pr\u00f3ba 585, wybita polsk\u0105 cecha probiercza (cyfra 3, Litera P-Pozna\u0144 oraz g\u0142owa rycerza) Diamenty sprawdzane profesjonalnym testerem &#8222;Presidium&#8221; Po wcze\u015bniejszym kontakcie mo\u017cliwo\u015b\u0107 wykonania certyfikatu, koszt 150 z\u0142 Kolczyki&#8230;<\/p>\n","protected":false},"featured_media":336,"template":"","meta":{"_kad_post_transparent":"","_kad_post_title":"","_kad_post_layout":"","_kad_post_sidebar_id":"","_kad_post_content_style":"","_kad_post_vertical_padding":"","_kad_post_feature":"","_kad_post_feature_position":"","_kad_post_header":false,"_kad_post_footer":false,"_kad_post_classname":""},"product_brand":[],"product_cat":[23],"product_tag":[],"class_list":{"0":"post-333","1":"product","2":"type-product","3":"status-publish","4":"has-post-thumbnail","6":"product_cat-zloto-i-srebro-bizuteria","8":"first","9":"outofstock","10":"purchasable","11":"product-type-simple","12":"entry","13":"content-bg","14":"loop-entry"},"jetpack_sharing_enabled":true,"_links":{"self":[{"href":"https:\/\/www.fant.pl\/index.php\/wp-json\/wp\/v2\/product\/333","targetHints":{"allow":["GET"]}}],"collection":[{"href":"https:\/\/www.fant.pl\/index.php\/wp-json\/wp\/v2\/product"}],"about":[{"href":"https:\/\/www.fant.pl\/index.php\/wp-json\/wp\/v2\/types\/product"}],"wp:featuredmedia":[{"embeddable":true,"href":"https:\/\/www.fant.pl\/index.php\/wp-json\/wp\/v2\/media\/336"}],"wp:attachment":[{"href":"https:\/\/www.fant.pl\/index.php\/wp-json\/wp\/v2\/media?parent=333"}],"wp:term":[{"taxonomy":"product_brand","embeddable":true,"href":"https:\/\/www.fant.pl\/index.php\/wp-json\/wp\/v2\/product_brand?post=333"},{"taxonomy":"product_cat","embeddable":true,"href":"https:\/\/www.fant.pl\/index.php\/wp-json\/wp\/v2\/product_cat?post=333"},{"taxonomy":"product_tag","embeddable":true,"href":"https:\/\/www.fant.pl\/index.php\/wp-json\/wp\/v2\/product_tag?post=333"}],"curies":[{"name":"wp","href":"https:\/\/api.w.org\/{rel}","templated":true}]}}