{"id":341,"date":"2024-04-04T14:51:03","date_gmt":"2024-04-04T12:51:03","guid":{"rendered":"https:\/\/www.fant.pl\/?post_type=product&#038;p=341"},"modified":"2026-03-24T14:19:59","modified_gmt":"2026-03-24T13:19:59","slug":"piekne-zlote-kolczyki-585-kolka","status":"publish","type":"product","link":"https:\/\/www.fant.pl\/index.php\/produkt\/piekne-zlote-kolczyki-585-kolka\/","title":{"rendered":"( Przedmiot Sprzedany ) Pi\u0119kne z\u0142ote kolczyki 585 &#8222;K\u00f3\u0142ka&#8221;"},"content":{"rendered":"<div class=\"ml-text-truncate__content\">\n<div>\n<div class=\"mlc-no-hydrate\">\n<div class=\"ml-text-medium  ml-text-hyphens mlc-offer__offer-details-text\">\n<p>Na sprzeda\u017c oferujemy pi\u0119kne z\u0142ote kolczyki wykonane z \u017c\u00f3\u0142tego z\u0142ota pr\u00f3by 585<\/p>\n<p>Kolczyki cechowane polsk\u0105 pr\u00f3b\u0105 585<\/p>\n<p>Waga 3,73g<\/p>\n<p>Zapi\u0119cie sprawne<\/p>\n<p>Stan bardzo dobry<\/p>\n<\/div>\n<\/div>\n<\/div>\n<\/div>\n","protected":false},"excerpt":{"rendered":"<p>Na sprzeda\u017c oferujemy pi\u0119kne z\u0142ote kolczyki wykonane z \u017c\u00f3\u0142tego z\u0142ota pr\u00f3by 585 Kolczyki cechowane polsk\u0105 pr\u00f3b\u0105 585 Waga 3,73g Zapi\u0119cie sprawne Stan bardzo dobry<\/p>\n","protected":false},"featured_media":343,"template":"","meta":{"_kad_post_transparent":"","_kad_post_title":"","_kad_post_layout":"","_kad_post_sidebar_id":"","_kad_post_content_style":"","_kad_post_vertical_padding":"","_kad_post_feature":"","_kad_post_feature_position":"","_kad_post_header":false,"_kad_post_footer":false,"_kad_post_classname":""},"product_brand":[],"product_cat":[23],"product_tag":[],"class_list":{"0":"post-341","1":"product","2":"type-product","3":"status-publish","4":"has-post-thumbnail","6":"product_cat-zloto-i-srebro-bizuteria","8":"first","9":"outofstock","10":"purchasable","11":"product-type-simple","12":"entry","13":"content-bg","14":"loop-entry"},"jetpack_sharing_enabled":true,"_links":{"self":[{"href":"https:\/\/www.fant.pl\/index.php\/wp-json\/wp\/v2\/product\/341","targetHints":{"allow":["GET"]}}],"collection":[{"href":"https:\/\/www.fant.pl\/index.php\/wp-json\/wp\/v2\/product"}],"about":[{"href":"https:\/\/www.fant.pl\/index.php\/wp-json\/wp\/v2\/types\/product"}],"wp:featuredmedia":[{"embeddable":true,"href":"https:\/\/www.fant.pl\/index.php\/wp-json\/wp\/v2\/media\/343"}],"wp:attachment":[{"href":"https:\/\/www.fant.pl\/index.php\/wp-json\/wp\/v2\/media?parent=341"}],"wp:term":[{"taxonomy":"product_brand","embeddable":true,"href":"https:\/\/www.fant.pl\/index.php\/wp-json\/wp\/v2\/product_brand?post=341"},{"taxonomy":"product_cat","embeddable":true,"href":"https:\/\/www.fant.pl\/index.php\/wp-json\/wp\/v2\/product_cat?post=341"},{"taxonomy":"product_tag","embeddable":true,"href":"https:\/\/www.fant.pl\/index.php\/wp-json\/wp\/v2\/product_tag?post=341"}],"curies":[{"name":"wp","href":"https:\/\/api.w.org\/{rel}","templated":true}]}}