{"id":347,"date":"2024-04-04T14:55:16","date_gmt":"2024-04-04T12:55:16","guid":{"rendered":"https:\/\/www.fant.pl\/?post_type=product&#038;p=347"},"modified":"2025-10-30T13:05:33","modified_gmt":"2025-10-30T12:05:33","slug":"piekny-zloty-pierscionek-z-krysztalem-gorskim","status":"publish","type":"product","link":"https:\/\/www.fant.pl\/index.php\/produkt\/piekny-zloty-pierscionek-z-krysztalem-gorskim\/","title":{"rendered":"(PRZEDMIOT SPRZEDANY) Pi\u0119kny z\u0142oty pier\u015bcionek z kryszta\u0142em g\u00f3rskim"},"content":{"rendered":"<div class=\"ml-text-truncate__content\">\n<div>\n<div class=\"mlc-no-hydrate\">\n<div class=\"ml-text-medium  ml-text-hyphens mlc-offer__offer-details-text\">\n<p>Na sprzeda\u017c bardzo ciekawy z\u0142oty pier\u015bcionek wysadzany dwunastoma kryszta\u0142kami g\u00f3rskimi<\/p>\n<p>Pr\u00f3ba 585<\/p>\n<p>Waga 4,6g<\/p>\n<p>Rozmiar 13<\/p>\n<p>Stan bardzo dobry<\/p>\n<\/div>\n<\/div>\n<\/div>\n<\/div>\n","protected":false},"excerpt":{"rendered":"<p>Na sprzeda\u017c bardzo ciekawy z\u0142oty pier\u015bcionek wysadzany dwunastoma kryszta\u0142kami g\u00f3rskimi Pr\u00f3ba 585 Waga 4,6g Rozmiar 13 Stan bardzo dobry<\/p>\n","protected":false},"featured_media":349,"template":"","meta":{"_kad_post_transparent":"","_kad_post_title":"","_kad_post_layout":"","_kad_post_sidebar_id":"","_kad_post_content_style":"","_kad_post_vertical_padding":"","_kad_post_feature":"","_kad_post_feature_position":"","_kad_post_header":false,"_kad_post_footer":false,"_kad_post_classname":""},"product_brand":[],"product_cat":[23],"product_tag":[],"class_list":{"0":"post-347","1":"product","2":"type-product","3":"status-publish","4":"has-post-thumbnail","6":"product_cat-zloto-i-srebro-bizuteria","8":"first","9":"outofstock","10":"purchasable","11":"product-type-simple","12":"entry","13":"content-bg","14":"loop-entry"},"jetpack_sharing_enabled":true,"_links":{"self":[{"href":"https:\/\/www.fant.pl\/index.php\/wp-json\/wp\/v2\/product\/347","targetHints":{"allow":["GET"]}}],"collection":[{"href":"https:\/\/www.fant.pl\/index.php\/wp-json\/wp\/v2\/product"}],"about":[{"href":"https:\/\/www.fant.pl\/index.php\/wp-json\/wp\/v2\/types\/product"}],"wp:featuredmedia":[{"embeddable":true,"href":"https:\/\/www.fant.pl\/index.php\/wp-json\/wp\/v2\/media\/349"}],"wp:attachment":[{"href":"https:\/\/www.fant.pl\/index.php\/wp-json\/wp\/v2\/media?parent=347"}],"wp:term":[{"taxonomy":"product_brand","embeddable":true,"href":"https:\/\/www.fant.pl\/index.php\/wp-json\/wp\/v2\/product_brand?post=347"},{"taxonomy":"product_cat","embeddable":true,"href":"https:\/\/www.fant.pl\/index.php\/wp-json\/wp\/v2\/product_cat?post=347"},{"taxonomy":"product_tag","embeddable":true,"href":"https:\/\/www.fant.pl\/index.php\/wp-json\/wp\/v2\/product_tag?post=347"}],"curies":[{"name":"wp","href":"https:\/\/api.w.org\/{rel}","templated":true}]}}