{"id":352,"date":"2024-04-04T14:59:32","date_gmt":"2024-04-04T12:59:32","guid":{"rendered":"https:\/\/www.fant.pl\/?post_type=product&#038;p=352"},"modified":"2025-10-30T13:04:33","modified_gmt":"2025-10-30T12:04:33","slug":"moneta-1-dolar-23r-1934-chiny-republika","status":"publish","type":"product","link":"https:\/\/www.fant.pl\/index.php\/produkt\/moneta-1-dolar-23r-1934-chiny-republika\/","title":{"rendered":"(PRZEDMIOT SPRZEDANY) MONETA 1 dolar 23r (1934) Chiny Republika"},"content":{"rendered":"<p>1 dolar rok 23 (1934),<br \/>\nChi\u0144ska Republika Rad,<br \/>\nD\u017conka,<br \/>\nKM 345, L&amp;M-110,<br \/>\nsrebro .900 waga 26,70 g \u015brednica 39 mm<br \/>\nstan zachowania 2<\/p>\n","protected":false},"excerpt":{"rendered":"<p>1 dolar rok 23 (1934), Chi\u0144ska Republika Rad, D\u017conka, KM 345, L&amp;M-110, srebro .900 waga 26,70 g \u015brednica 39 mm stan zachowania 2<\/p>\n","protected":false},"featured_media":354,"template":"","meta":{"_kad_post_transparent":"","_kad_post_title":"","_kad_post_layout":"","_kad_post_sidebar_id":"","_kad_post_content_style":"","_kad_post_vertical_padding":"","_kad_post_feature":"","_kad_post_feature_position":"","_kad_post_header":false,"_kad_post_footer":false,"_kad_post_classname":""},"product_brand":[],"product_cat":[21],"product_tag":[],"class_list":{"0":"post-352","1":"product","2":"type-product","3":"status-publish","4":"has-post-thumbnail","6":"product_cat-monety","8":"first","9":"outofstock","10":"purchasable","11":"product-type-simple","12":"entry","13":"content-bg","14":"loop-entry"},"jetpack_sharing_enabled":true,"_links":{"self":[{"href":"https:\/\/www.fant.pl\/index.php\/wp-json\/wp\/v2\/product\/352","targetHints":{"allow":["GET"]}}],"collection":[{"href":"https:\/\/www.fant.pl\/index.php\/wp-json\/wp\/v2\/product"}],"about":[{"href":"https:\/\/www.fant.pl\/index.php\/wp-json\/wp\/v2\/types\/product"}],"wp:featuredmedia":[{"embeddable":true,"href":"https:\/\/www.fant.pl\/index.php\/wp-json\/wp\/v2\/media\/354"}],"wp:attachment":[{"href":"https:\/\/www.fant.pl\/index.php\/wp-json\/wp\/v2\/media?parent=352"}],"wp:term":[{"taxonomy":"product_brand","embeddable":true,"href":"https:\/\/www.fant.pl\/index.php\/wp-json\/wp\/v2\/product_brand?post=352"},{"taxonomy":"product_cat","embeddable":true,"href":"https:\/\/www.fant.pl\/index.php\/wp-json\/wp\/v2\/product_cat?post=352"},{"taxonomy":"product_tag","embeddable":true,"href":"https:\/\/www.fant.pl\/index.php\/wp-json\/wp\/v2\/product_tag?post=352"}],"curies":[{"name":"wp","href":"https:\/\/api.w.org\/{rel}","templated":true}]}}