{"id":378,"date":"2024-04-05T10:50:07","date_gmt":"2024-04-05T08:50:07","guid":{"rendered":"https:\/\/www.fant.pl\/?post_type=product&#038;p=378"},"modified":"2025-10-30T13:03:48","modified_gmt":"2025-10-30T12:03:48","slug":"komplet-naturalnych-czarnych-perel-zloto-585","status":"publish","type":"product","link":"https:\/\/www.fant.pl\/index.php\/produkt\/komplet-naturalnych-czarnych-perel-zloto-585\/","title":{"rendered":"(PRZEDMIOT SPRZEDANY) Komplet naturalnych czarnych pere\u0142 z\u0142oto 585"},"content":{"rendered":"<div class=\"ml-text-truncate__content\">\n<div>\n<div class=\"mlc-no-hydrate\">\n<div class=\"ml-text-medium  ml-text-hyphens mlc-offer__offer-details-text\">\n<p>Przedmiotem sprzeda\u017cy jest pi\u0119kny komplet bi\u017cuterii (kolczyki i wisior) z naturalnych czarnych pere\u0142. Per\u0142y po\u0142\u0105czone s\u0105 ze z\u0142otem pr\u00f3by 585<\/p>\n<p>Bizuteria posiada polskie cechy probiercze na zapi\u0119ciach:<br \/>\nLitera P (Pozna\u0144), cyfr\u0119 3 (Pr\u00f3ba 585), oraz g\u0142owa rycerza<\/p>\n<p>\u0141\u0105cza waga kompletu 20,9g<\/p>\n<p>\u0141\u0105czna ilo\u015b\u0107 pere\u0142 42 sztuki, po 14 sztuk na ka\u017cdym kolczyku i 14 na wisiorze<\/p>\n<p>D\u0142ugo\u015b\u0107 kolczyk\u00f3w 7,2 cm<\/p>\n<p>D\u0142ugo\u015b\u0107 wisiora 6,5 cm<\/p>\n<p>\u015arednica pere\u0142 od 6 do 6,5mm<\/p>\n<p>Per\u0142y wysokiej jako\u015bci, w kszta\u0142cie owalu o g\u0142adkich \u015bcianach. Dodatkowo per\u0142y maj\u0105 bardzo ciekawy, niejednoznaczny kolor \u2013 mo\u017cna dostrzec w niej po\u015bwiat\u0119 mieni\u0105c\u0105 si\u0119 na odcienie grafitu, fioletu, br\u0105zu lub ciemnej zieleni.<\/p>\n<\/div>\n<\/div>\n<\/div>\n<\/div>\n","protected":false},"excerpt":{"rendered":"<p>Przedmiotem sprzeda\u017cy jest pi\u0119kny komplet bi\u017cuterii (kolczyki i wisior) z naturalnych czarnych pere\u0142. Per\u0142y po\u0142\u0105czone s\u0105 ze z\u0142otem pr\u00f3by 585 Bizuteria posiada polskie cechy probiercze na zapi\u0119ciach: Litera P (Pozna\u0144), cyfr\u0119 3 (Pr\u00f3ba 585), oraz g\u0142owa rycerza \u0141\u0105cza waga kompletu 20,9g \u0141\u0105czna ilo\u015b\u0107 pere\u0142 42 sztuki, po 14 sztuk na ka\u017cdym kolczyku i 14 na&#8230;<\/p>\n","protected":false},"featured_media":381,"template":"","meta":{"_kad_post_transparent":"","_kad_post_title":"","_kad_post_layout":"","_kad_post_sidebar_id":"","_kad_post_content_style":"","_kad_post_vertical_padding":"","_kad_post_feature":"","_kad_post_feature_position":"","_kad_post_header":false,"_kad_post_footer":false,"_kad_post_classname":""},"product_brand":[],"product_cat":[23],"product_tag":[],"class_list":{"0":"post-378","1":"product","2":"type-product","3":"status-publish","4":"has-post-thumbnail","6":"product_cat-zloto-i-srebro-bizuteria","8":"first","9":"outofstock","10":"purchasable","11":"product-type-simple","12":"entry","13":"content-bg","14":"loop-entry"},"jetpack_sharing_enabled":true,"_links":{"self":[{"href":"https:\/\/www.fant.pl\/index.php\/wp-json\/wp\/v2\/product\/378","targetHints":{"allow":["GET"]}}],"collection":[{"href":"https:\/\/www.fant.pl\/index.php\/wp-json\/wp\/v2\/product"}],"about":[{"href":"https:\/\/www.fant.pl\/index.php\/wp-json\/wp\/v2\/types\/product"}],"wp:featuredmedia":[{"embeddable":true,"href":"https:\/\/www.fant.pl\/index.php\/wp-json\/wp\/v2\/media\/381"}],"wp:attachment":[{"href":"https:\/\/www.fant.pl\/index.php\/wp-json\/wp\/v2\/media?parent=378"}],"wp:term":[{"taxonomy":"product_brand","embeddable":true,"href":"https:\/\/www.fant.pl\/index.php\/wp-json\/wp\/v2\/product_brand?post=378"},{"taxonomy":"product_cat","embeddable":true,"href":"https:\/\/www.fant.pl\/index.php\/wp-json\/wp\/v2\/product_cat?post=378"},{"taxonomy":"product_tag","embeddable":true,"href":"https:\/\/www.fant.pl\/index.php\/wp-json\/wp\/v2\/product_tag?post=378"}],"curies":[{"name":"wp","href":"https:\/\/api.w.org\/{rel}","templated":true}]}}