{"id":406,"date":"2024-04-05T11:43:41","date_gmt":"2024-04-05T09:43:41","guid":{"rendered":"https:\/\/www.fant.pl\/?post_type=product&#038;p=406"},"modified":"2025-10-30T11:47:40","modified_gmt":"2025-10-30T10:47:40","slug":"naturalny-turmalin-7-14ct-certyfikat","status":"publish","type":"product","link":"https:\/\/www.fant.pl\/index.php\/produkt\/naturalny-turmalin-7-14ct-certyfikat\/","title":{"rendered":"(PRZEDMIOT SPRZEDANY) Naturalny turmalin 7.14ct Certyfikat"},"content":{"rendered":"<div class=\"ml-text-truncate__content\"><\/p>\n<div>(PRZEDMIOT SPRZEDANY)<\/p>\n<div class=\"mlc-no-hydrate\">\n<div class=\"ml-text-medium  ml-text-hyphens mlc-offer__offer-details-text\">\n<p>Przedmiotem sprzeda\u017cy jest naturalny turmalin o pi\u0119knej szmaragdowej zieleni o wadze 7.14 ct<\/p>\n<p>Rodzaj Turmalin chrome<\/p>\n<p>Szlif fasetowy fantazyjny (serce)<\/p>\n<p>Brawa zielona<\/p>\n<p>Czysto\u015b\u0107 I3<\/p>\n<p>Wymiary 12,76 x 13,58 x 6,54<\/p>\n<p>Kamie\u0144 posiada certyfikat GIT oraz wycen\u0119 z wrze\u015bnia 2023 na kwot\u0119 12.780 z\u0142<\/p>\n<p>Szmaragdowozielone turmaliny chromowe pochodz\u0105 z Tanzanii. Ich barwa jest tak intensywna, \u017ce wysokiej jako\u015bci, przezroczyste kamienie pozyskiwane s\u0105 w niewielkich rozmiarach. Turmaliny chromowe o masie ponad 2 karaty nale\u017c\u0105 do rzadko\u015bci, i podobnie jak rubellity, osi\u0105gaj\u0105 ceny od 400 do 1000 USD\/ct.<\/p>\n<\/div>\n<p><\/div>\n<p><\/div>\n<p><\/div>\n","protected":false},"excerpt":{"rendered":"<p>(PRZEDMIOT SPRZEDANY) Przedmiotem sprzeda\u017cy jest naturalny turmalin o pi\u0119knej szmaragdowej zieleni o wadze 7.14 ct Rodzaj Turmalin chrome Szlif fasetowy fantazyjny (serce) Brawa zielona Czysto\u015b\u0107 I3 Wymiary 12,76 x 13,58 x 6,54 Kamie\u0144 posiada certyfikat GIT oraz wycen\u0119 z wrze\u015bnia 2023 na kwot\u0119 12.780 z\u0142 Szmaragdowozielone turmaliny chromowe pochodz\u0105 z Tanzanii. Ich barwa jest tak&#8230;<\/p>\n","protected":false},"featured_media":408,"template":"","meta":{"_kad_post_transparent":"","_kad_post_title":"","_kad_post_layout":"","_kad_post_sidebar_id":"","_kad_post_content_style":"","_kad_post_vertical_padding":"","_kad_post_feature":"","_kad_post_feature_position":"","_kad_post_header":false,"_kad_post_footer":false,"_kad_post_classname":""},"product_brand":[],"product_cat":[23],"product_tag":[],"class_list":{"0":"post-406","1":"product","2":"type-product","3":"status-publish","4":"has-post-thumbnail","6":"product_cat-zloto-i-srebro-bizuteria","8":"first","9":"outofstock","10":"purchasable","11":"product-type-simple","12":"entry","13":"content-bg","14":"loop-entry"},"jetpack_sharing_enabled":true,"_links":{"self":[{"href":"https:\/\/www.fant.pl\/index.php\/wp-json\/wp\/v2\/product\/406","targetHints":{"allow":["GET"]}}],"collection":[{"href":"https:\/\/www.fant.pl\/index.php\/wp-json\/wp\/v2\/product"}],"about":[{"href":"https:\/\/www.fant.pl\/index.php\/wp-json\/wp\/v2\/types\/product"}],"wp:featuredmedia":[{"embeddable":true,"href":"https:\/\/www.fant.pl\/index.php\/wp-json\/wp\/v2\/media\/408"}],"wp:attachment":[{"href":"https:\/\/www.fant.pl\/index.php\/wp-json\/wp\/v2\/media?parent=406"}],"wp:term":[{"taxonomy":"product_brand","embeddable":true,"href":"https:\/\/www.fant.pl\/index.php\/wp-json\/wp\/v2\/product_brand?post=406"},{"taxonomy":"product_cat","embeddable":true,"href":"https:\/\/www.fant.pl\/index.php\/wp-json\/wp\/v2\/product_cat?post=406"},{"taxonomy":"product_tag","embeddable":true,"href":"https:\/\/www.fant.pl\/index.php\/wp-json\/wp\/v2\/product_tag?post=406"}],"curies":[{"name":"wp","href":"https:\/\/api.w.org\/{rel}","templated":true}]}}