{"id":427,"date":"2024-04-05T12:34:11","date_gmt":"2024-04-05T10:34:11","guid":{"rendered":"https:\/\/www.fant.pl\/?post_type=product&#038;p=427"},"modified":"2025-10-30T13:02:20","modified_gmt":"2025-10-30T12:02:20","slug":"srebrny-pierscionek-warmet-z-koralem-wz-sp-82","status":"publish","type":"product","link":"https:\/\/www.fant.pl\/index.php\/produkt\/srebrny-pierscionek-warmet-z-koralem-wz-sp-82\/","title":{"rendered":"(PRZEDMIOT SPRZEDANY) Srebrny pier\u015bcionek Warmet z koralem wz SP-82"},"content":{"rendered":"<div class=\"ml-text-truncate__content\">\n<div>\n<div class=\"mlc-no-hydrate\">\n<div class=\"ml-text-medium  ml-text-hyphens mlc-offer__offer-details-text\">\n<p>Na sprzeda\u017c pi\u0119kny pier\u015bcionek Warmet z koralem<\/p>\n<p>Srebro pr\u00f3by 800 z lat 1963-1986, punca firmowa Warmetu (trzcinka)<\/p>\n<p>Waga 7,3g<\/p>\n<p>Rozmiar 17<\/p>\n<p>Stan bardzo dobry<\/p>\n<\/div>\n<\/div>\n<\/div>\n<\/div>\n","protected":false},"excerpt":{"rendered":"<p>Na sprzeda\u017c pi\u0119kny pier\u015bcionek Warmet z koralem Srebro pr\u00f3by 800 z lat 1963-1986, punca firmowa Warmetu (trzcinka) Waga 7,3g Rozmiar 17 Stan bardzo dobry<\/p>\n","protected":false},"featured_media":429,"template":"","meta":{"_kad_post_transparent":"","_kad_post_title":"","_kad_post_layout":"","_kad_post_sidebar_id":"","_kad_post_content_style":"","_kad_post_vertical_padding":"","_kad_post_feature":"","_kad_post_feature_position":"","_kad_post_header":false,"_kad_post_footer":false,"_kad_post_classname":""},"product_brand":[],"product_cat":[52],"product_tag":[],"class_list":{"0":"post-427","1":"product","2":"type-product","3":"status-publish","4":"has-post-thumbnail","6":"product_cat-bizuteria-prl-u","8":"first","9":"outofstock","10":"purchasable","11":"product-type-simple","12":"entry","13":"content-bg","14":"loop-entry"},"jetpack_sharing_enabled":true,"_links":{"self":[{"href":"https:\/\/www.fant.pl\/index.php\/wp-json\/wp\/v2\/product\/427","targetHints":{"allow":["GET"]}}],"collection":[{"href":"https:\/\/www.fant.pl\/index.php\/wp-json\/wp\/v2\/product"}],"about":[{"href":"https:\/\/www.fant.pl\/index.php\/wp-json\/wp\/v2\/types\/product"}],"wp:featuredmedia":[{"embeddable":true,"href":"https:\/\/www.fant.pl\/index.php\/wp-json\/wp\/v2\/media\/429"}],"wp:attachment":[{"href":"https:\/\/www.fant.pl\/index.php\/wp-json\/wp\/v2\/media?parent=427"}],"wp:term":[{"taxonomy":"product_brand","embeddable":true,"href":"https:\/\/www.fant.pl\/index.php\/wp-json\/wp\/v2\/product_brand?post=427"},{"taxonomy":"product_cat","embeddable":true,"href":"https:\/\/www.fant.pl\/index.php\/wp-json\/wp\/v2\/product_cat?post=427"},{"taxonomy":"product_tag","embeddable":true,"href":"https:\/\/www.fant.pl\/index.php\/wp-json\/wp\/v2\/product_tag?post=427"}],"curies":[{"name":"wp","href":"https:\/\/api.w.org\/{rel}","templated":true}]}}