{"id":512,"date":"2024-04-06T11:46:34","date_gmt":"2024-04-06T09:46:34","guid":{"rendered":"https:\/\/www.fant.pl\/?post_type=product&#038;p=512"},"modified":"2025-10-30T13:00:39","modified_gmt":"2025-10-30T12:00:39","slug":"star-zabawka-prl-straz-pozarna-synteza-bydgoszcz","status":"publish","type":"product","link":"https:\/\/www.fant.pl\/index.php\/produkt\/star-zabawka-prl-straz-pozarna-synteza-bydgoszcz\/","title":{"rendered":"(PRZEDMIOT SPRZEDANY) STAR Zabawka Prl Stra\u017c po\u017carna Synteza Bydgoszcz"},"content":{"rendered":"<div class=\"ml-text-truncate__content\">\n<div>\n<div class=\"mlc-no-hydrate\">\n<div class=\"ml-text-medium  ml-text-hyphens mlc-offer__offer-details-text\">\n<p>Przedmiotem sprzeda\u017cy jest zabawka z czas\u00f3w prl-u &#8211; stra\u017c po\u017carna Star wyprodukowana przez sp\u00f3\u0142dzielni\u0119 Synteza w Bydgoszczy.<\/p>\n<p>Stan zabawki dobry<\/p>\n<p>Drabina dzia\u0142a bez zarzutu, wszystkie pokr\u0119t\u0142a sprawne<\/p>\n<p>Wymiary 31x13x14 cm<\/p>\n<\/div>\n<\/div>\n<\/div>\n<\/div>\n","protected":false},"excerpt":{"rendered":"<p>Przedmiotem sprzeda\u017cy jest zabawka z czas\u00f3w prl-u &#8211; stra\u017c po\u017carna Star wyprodukowana przez sp\u00f3\u0142dzielni\u0119 Synteza w Bydgoszczy. Stan zabawki dobry Drabina dzia\u0142a bez zarzutu, wszystkie pokr\u0119t\u0142a sprawne Wymiary 31x13x14 cm<\/p>\n","protected":false},"featured_media":493,"template":"","meta":{"_kad_post_transparent":"","_kad_post_title":"","_kad_post_layout":"","_kad_post_sidebar_id":"","_kad_post_content_style":"","_kad_post_vertical_padding":"","_kad_post_feature":"","_kad_post_feature_position":"","_kad_post_header":false,"_kad_post_footer":false,"_kad_post_classname":""},"product_brand":[],"product_cat":[27],"product_tag":[],"class_list":{"0":"post-512","1":"product","2":"type-product","3":"status-publish","4":"has-post-thumbnail","6":"product_cat-stare-zabawki","8":"first","9":"outofstock","10":"purchasable","11":"product-type-simple","12":"entry","13":"content-bg","14":"loop-entry"},"jetpack_sharing_enabled":true,"_links":{"self":[{"href":"https:\/\/www.fant.pl\/index.php\/wp-json\/wp\/v2\/product\/512","targetHints":{"allow":["GET"]}}],"collection":[{"href":"https:\/\/www.fant.pl\/index.php\/wp-json\/wp\/v2\/product"}],"about":[{"href":"https:\/\/www.fant.pl\/index.php\/wp-json\/wp\/v2\/types\/product"}],"wp:featuredmedia":[{"embeddable":true,"href":"https:\/\/www.fant.pl\/index.php\/wp-json\/wp\/v2\/media\/493"}],"wp:attachment":[{"href":"https:\/\/www.fant.pl\/index.php\/wp-json\/wp\/v2\/media?parent=512"}],"wp:term":[{"taxonomy":"product_brand","embeddable":true,"href":"https:\/\/www.fant.pl\/index.php\/wp-json\/wp\/v2\/product_brand?post=512"},{"taxonomy":"product_cat","embeddable":true,"href":"https:\/\/www.fant.pl\/index.php\/wp-json\/wp\/v2\/product_cat?post=512"},{"taxonomy":"product_tag","embeddable":true,"href":"https:\/\/www.fant.pl\/index.php\/wp-json\/wp\/v2\/product_tag?post=512"}],"curies":[{"name":"wp","href":"https:\/\/api.w.org\/{rel}","templated":true}]}}