{"id":582,"date":"2024-04-09T12:14:05","date_gmt":"2024-04-09T10:14:05","guid":{"rendered":"https:\/\/www.fant.pl\/?post_type=product&#038;p=582"},"modified":"2025-10-30T12:59:03","modified_gmt":"2025-10-30T11:59:03","slug":"francja-srebrny-medal-oscar-roty-1889r","status":"publish","type":"product","link":"https:\/\/www.fant.pl\/index.php\/produkt\/francja-srebrny-medal-oscar-roty-1889r\/","title":{"rendered":"(PRZEDMIOT SPRZEDANY) Francja, srebrny medal Oscar Roty 1889r."},"content":{"rendered":"<div class=\"ml-text-truncate__content\">\n<div>\n<div class=\"mlc-no-hydrate\">\n<div class=\"ml-text-medium  ml-text-hyphens mlc-offer__offer-details-text\">\n<p>Na sprzeda\u017c rzadki medal wykonany przez francuskiego mistrza medalierstwa Oscara Orty&#8217;ego. Medal wykonany bardzo precyzyjnie z dba\u0142o\u015bci\u0105 o szczeg\u00f3\u0142y<\/p>\n<p>Wytw\u00f3rca medalu Oscar Orty (1846-1911), by\u0142 jedynym z najs\u0142ynniejszych medalist\u00f3w okresu secesji.<\/p>\n<p>\u015arednica 51,3 mm<br \/>\nGrubo\u015b\u0107 5 mm<br \/>\nWag 68g<br \/>\nSrebro pr\u00f3by 900-950?,<br \/>\nData wykonania 1889<\/p>\n<p>Stan bardzo dobry, naturalna stara patyna<\/p>\n<\/div>\n<\/div>\n<\/div>\n<\/div>\n","protected":false},"excerpt":{"rendered":"<p>Na sprzeda\u017c rzadki medal wykonany przez francuskiego mistrza medalierstwa Oscara Orty&#8217;ego. Medal wykonany bardzo precyzyjnie z dba\u0142o\u015bci\u0105 o szczeg\u00f3\u0142y Wytw\u00f3rca medalu Oscar Orty (1846-1911), by\u0142 jedynym z najs\u0142ynniejszych medalist\u00f3w okresu secesji. \u015arednica 51,3 mm Grubo\u015b\u0107 5 mm Wag 68g Srebro pr\u00f3by 900-950?, Data wykonania 1889 Stan bardzo dobry, naturalna stara patyna<\/p>\n","protected":false},"featured_media":583,"template":"","meta":{"_kad_post_transparent":"","_kad_post_title":"","_kad_post_layout":"","_kad_post_sidebar_id":"","_kad_post_content_style":"","_kad_post_vertical_padding":"","_kad_post_feature":"","_kad_post_feature_position":"","_kad_post_header":false,"_kad_post_footer":false,"_kad_post_classname":""},"product_brand":[],"product_cat":[54],"product_tag":[],"class_list":{"0":"post-582","1":"product","2":"type-product","3":"status-publish","4":"has-post-thumbnail","6":"product_cat-medale","8":"first","9":"outofstock","10":"purchasable","11":"product-type-simple","12":"entry","13":"content-bg","14":"loop-entry"},"jetpack_sharing_enabled":true,"_links":{"self":[{"href":"https:\/\/www.fant.pl\/index.php\/wp-json\/wp\/v2\/product\/582","targetHints":{"allow":["GET"]}}],"collection":[{"href":"https:\/\/www.fant.pl\/index.php\/wp-json\/wp\/v2\/product"}],"about":[{"href":"https:\/\/www.fant.pl\/index.php\/wp-json\/wp\/v2\/types\/product"}],"wp:featuredmedia":[{"embeddable":true,"href":"https:\/\/www.fant.pl\/index.php\/wp-json\/wp\/v2\/media\/583"}],"wp:attachment":[{"href":"https:\/\/www.fant.pl\/index.php\/wp-json\/wp\/v2\/media?parent=582"}],"wp:term":[{"taxonomy":"product_brand","embeddable":true,"href":"https:\/\/www.fant.pl\/index.php\/wp-json\/wp\/v2\/product_brand?post=582"},{"taxonomy":"product_cat","embeddable":true,"href":"https:\/\/www.fant.pl\/index.php\/wp-json\/wp\/v2\/product_cat?post=582"},{"taxonomy":"product_tag","embeddable":true,"href":"https:\/\/www.fant.pl\/index.php\/wp-json\/wp\/v2\/product_tag?post=582"}],"curies":[{"name":"wp","href":"https:\/\/api.w.org\/{rel}","templated":true}]}}