{"id":593,"date":"2024-04-09T12:19:25","date_gmt":"2024-04-09T10:19:25","guid":{"rendered":"https:\/\/www.fant.pl\/?post_type=product&#038;p=593"},"modified":"2025-10-30T12:58:29","modified_gmt":"2025-10-30T11:58:29","slug":"medal-joanna-darc-xx-wiek-francja-srebro","status":"publish","type":"product","link":"https:\/\/www.fant.pl\/index.php\/produkt\/medal-joanna-darc-xx-wiek-francja-srebro\/","title":{"rendered":"(PRZEDMIOT SPRZEDANY) Medal Joanna d&#8217;Arc XX-wiek Francja Srebro"},"content":{"rendered":"<p>Srebrny medal z wizerunkiem Joanny d&#8217;Arc na koniu z XIX wiek<\/p>\n<p>Joanna d\u2019Arc, znana tak\u017ce jako Dziewica Orlea\u0144ska (ur. prawdopodobnie 6 stycznia 1412 w Domr\u00e9my-la-Pucelle, zm. 30 maja 1431 w Rouen) \u2013 francuska bohaterka narodowa, \u015bwi\u0119ta Ko\u015bcio\u0142a katolickiego, patronka Francji. Podczas wojny stuletniej walnie przyczyni\u0142a si\u0119 do kilku wa\u017cnych zwyci\u0119stw armii francuskiej, twierdz\u0105c, \u017ce dzia\u0142a kierowana przez Boga.<\/p>\n<p>Opis awersu: Joanna Gallice Liberatrix 1492<br \/>\nRewers: Joanne D&#8217;Arc Nee A Domremy 1414<\/p>\n<p>\u015arednica 42mm<\/p>\n<p>Waga 22g<\/p>\n<p>Kraj: Francja<\/p>\n<p>Stan bardzo dobry, naturalna stara patyna<\/p>\n<p>Rodzaj: kolekcjonerski medal okoliczno\u015bciowy<\/p>\n<p>Materia\u0142: Srebro Ag (950?)<\/p>\n","protected":false},"excerpt":{"rendered":"<p>Srebrny medal z wizerunkiem Joanny d&#8217;Arc na koniu z XIX wiek Joanna d\u2019Arc, znana tak\u017ce jako Dziewica Orlea\u0144ska (ur. prawdopodobnie 6 stycznia 1412 w Domr\u00e9my-la-Pucelle, zm. 30 maja 1431 w Rouen) \u2013 francuska bohaterka narodowa, \u015bwi\u0119ta Ko\u015bcio\u0142a katolickiego, patronka Francji. Podczas wojny stuletniej walnie przyczyni\u0142a si\u0119 do kilku wa\u017cnych zwyci\u0119stw armii francuskiej, twierdz\u0105c, \u017ce dzia\u0142a&#8230;<\/p>\n","protected":false},"featured_media":594,"template":"","meta":{"_kad_post_transparent":"","_kad_post_title":"","_kad_post_layout":"","_kad_post_sidebar_id":"","_kad_post_content_style":"","_kad_post_vertical_padding":"","_kad_post_feature":"","_kad_post_feature_position":"","_kad_post_header":false,"_kad_post_footer":false,"_kad_post_classname":""},"product_brand":[],"product_cat":[54],"product_tag":[],"class_list":{"0":"post-593","1":"product","2":"type-product","3":"status-publish","4":"has-post-thumbnail","6":"product_cat-medale","8":"first","9":"outofstock","10":"purchasable","11":"product-type-simple","12":"entry","13":"content-bg","14":"loop-entry"},"jetpack_sharing_enabled":true,"_links":{"self":[{"href":"https:\/\/www.fant.pl\/index.php\/wp-json\/wp\/v2\/product\/593","targetHints":{"allow":["GET"]}}],"collection":[{"href":"https:\/\/www.fant.pl\/index.php\/wp-json\/wp\/v2\/product"}],"about":[{"href":"https:\/\/www.fant.pl\/index.php\/wp-json\/wp\/v2\/types\/product"}],"wp:featuredmedia":[{"embeddable":true,"href":"https:\/\/www.fant.pl\/index.php\/wp-json\/wp\/v2\/media\/594"}],"wp:attachment":[{"href":"https:\/\/www.fant.pl\/index.php\/wp-json\/wp\/v2\/media?parent=593"}],"wp:term":[{"taxonomy":"product_brand","embeddable":true,"href":"https:\/\/www.fant.pl\/index.php\/wp-json\/wp\/v2\/product_brand?post=593"},{"taxonomy":"product_cat","embeddable":true,"href":"https:\/\/www.fant.pl\/index.php\/wp-json\/wp\/v2\/product_cat?post=593"},{"taxonomy":"product_tag","embeddable":true,"href":"https:\/\/www.fant.pl\/index.php\/wp-json\/wp\/v2\/product_tag?post=593"}],"curies":[{"name":"wp","href":"https:\/\/api.w.org\/{rel}","templated":true}]}}