{"id":598,"date":"2024-04-09T10:36:12","date_gmt":"2024-04-09T10:36:12","guid":{"rendered":"https:\/\/www.fant.pl\/?post_type=product&#038;p=598"},"modified":"2025-10-01T18:52:58","modified_gmt":"2025-10-01T16:52:58","slug":"zloty-pierscionek-z-diamentem-103-ct-certyfikat","status":"publish","type":"product","link":"https:\/\/www.fant.pl\/index.php\/produkt\/zloty-pierscionek-z-diamentem-103-ct-certyfikat\/","title":{"rendered":"Z\u0142oty pier\u015bcionek z Diamentem 1,03 ct + Certyfikat"},"content":{"rendered":"<p>Przedmiotem sprzeda\u017cy jest z\u0142oty pier\u015bcionek z diamentem 1,03ct. W komplecie certyfikat z wycen\u0105 oraz zamszowe czerwone pude\u0142ko.<\/p>\n<p>Wycena na 42.700 z\u0142<\/p>\n<p>Pr\u00f3ba 585<\/p>\n<p>Waga 2,52g<\/p>\n<p>Rozmiar 13<\/p>\n<p>Dane kamienia:<br \/>\n-szlif okr\u0105g\u0142y brylantowy<br \/>\n-masa 1,03ct<br \/>\n-czysto\u015b\u0107 VS1<br \/>\n-barwa H<\/p>\n","protected":false},"excerpt":{"rendered":"<p>Przedmiotem sprzeda\u017cy jest z\u0142oty pier\u015bcionek z diamentem 1,03ct. W komplecie certyfikat z wycen\u0105 oraz zamszowe czerwone pude\u0142ko. Wycena na 42.700 z\u0142 Pr\u00f3ba 585 Waga 2,52g Rozmiar 13 Dane kamienia: -szlif okr\u0105g\u0142y brylantowy -masa 1,03ct -czysto\u015b\u0107 VS1 -barwa H<\/p>\n","protected":false},"featured_media":599,"template":"","meta":{"_kad_post_transparent":"","_kad_post_title":"","_kad_post_layout":"","_kad_post_sidebar_id":"","_kad_post_content_style":"","_kad_post_vertical_padding":"","_kad_post_feature":"","_kad_post_feature_position":"","_kad_post_header":false,"_kad_post_footer":false,"_kad_post_classname":""},"product_brand":[],"product_cat":[23],"product_tag":[],"class_list":{"0":"post-598","1":"product","2":"type-product","3":"status-publish","4":"has-post-thumbnail","6":"product_cat-zloto-i-srebro-bizuteria","8":"first","9":"instock","10":"purchasable","11":"product-type-simple","12":"entry","13":"content-bg","14":"loop-entry"},"jetpack_sharing_enabled":true,"_links":{"self":[{"href":"https:\/\/www.fant.pl\/index.php\/wp-json\/wp\/v2\/product\/598","targetHints":{"allow":["GET"]}}],"collection":[{"href":"https:\/\/www.fant.pl\/index.php\/wp-json\/wp\/v2\/product"}],"about":[{"href":"https:\/\/www.fant.pl\/index.php\/wp-json\/wp\/v2\/types\/product"}],"wp:featuredmedia":[{"embeddable":true,"href":"https:\/\/www.fant.pl\/index.php\/wp-json\/wp\/v2\/media\/599"}],"wp:attachment":[{"href":"https:\/\/www.fant.pl\/index.php\/wp-json\/wp\/v2\/media?parent=598"}],"wp:term":[{"taxonomy":"product_brand","embeddable":true,"href":"https:\/\/www.fant.pl\/index.php\/wp-json\/wp\/v2\/product_brand?post=598"},{"taxonomy":"product_cat","embeddable":true,"href":"https:\/\/www.fant.pl\/index.php\/wp-json\/wp\/v2\/product_cat?post=598"},{"taxonomy":"product_tag","embeddable":true,"href":"https:\/\/www.fant.pl\/index.php\/wp-json\/wp\/v2\/product_tag?post=598"}],"curies":[{"name":"wp","href":"https:\/\/api.w.org\/{rel}","templated":true}]}}