{"id":97,"date":"2023-08-05T19:17:31","date_gmt":"2023-08-05T17:17:31","guid":{"rendered":"https:\/\/www.fant.pl\/?post_type=product&#038;p=97"},"modified":"2026-03-24T17:03:46","modified_gmt":"2026-03-24T16:03:46","slug":"medal-za-kampanie-zimowa-na-wschodzie-1941-1942","status":"publish","type":"product","link":"https:\/\/www.fant.pl\/index.php\/produkt\/medal-za-kampanie-zimowa-na-wschodzie-1941-1942\/","title":{"rendered":"( Przedamiot Sprzedany ) Medal za Kampani\u0119 Zimow\u0105 na Wschodzie 1941\/1942"},"content":{"rendered":"<p>Medal Zimowy z bitw\u0119 na Wschodzie (Medal Wschodni) \u2013 niemieckie odznaczenie wojskowe, nadawane \u017co\u0142nierzom Wehrmachtu i ich sprzymierze\u0144com, kt\u00f3rzy zas\u0142u\u017cyli si\u0119 w walkach na froncie wschodnim w czasie mro\u017anej, rosyjskiej zimy na prze\u0142omie lat 1941\/1942. Medal Winterschlacht im Osten 1941\/42, znany r\u00f3wnie\u017c jako Ostmedaille, zosta\u0142 nadany dekretem kanclerza Rzeszy Hitlera z dnia 26 maja 1942 r. Mia\u0142 on wyra\u017ca\u0107 wspania\u0142e wyniki \u017co\u0142nierzy pierwszej linii w zimowej bitwie na wschodzie z bolszewickim wrogiem. Decyduj\u0105cy by\u0142 okres od 15 listopada 1941 do 14 kwietnia 1942 roku. Wyznaczony obszar znajdowa\u0142 si\u0119 na wsch\u00f3d od obszar\u00f3w Wehrmachtu na Ukrainie i Ostlandii oraz na wsch\u00f3d od granicy fi\u0144sko-rosyjskiej. Odznaczenie to przyznawane nie tylko cz\u0142onkom Wehrmachtu, ale tak\u017ce zagranicznym cz\u0142onkom Wehrmachtu, a p\u00f3\u017aniej tak\u017ce zagranicznym ochotnikom z okupowanych teren\u00f3w wschodnich oraz kobietom i robotnikom fabrycznym. Warunkiem by\u0142o mi\u0119dzy innymi 14 dni udzia\u0142u w walkach w rejonie, 30 lot\u00f3w nieprzyjaciela, rany lub odmro\u017cenia czy 60 dni pr\u00f3by w innej misji w tym czasie i we wspomnianym rejonie wschodnim. Mo\u017cliwe by\u0142o r\u00f3wnie\u017c przyznanie nagrody poleg\u0142ym i zaginionym. Medal zosta\u0142 nast\u0119pnie wys\u0142any do pogr\u0105\u017conych w \u017ca\u0142obie.<\/p>\n<p>Pocz\u0105tkowo Adolf Hitler og\u0142osi\u0142 konkurs na wykonanie projektu Medalu za Kampani\u0119 Zimow\u0105 na Wschodzie 1941\/1942. Jednak\u017ce \u017caden z 96 projekt\u00f3w, zg\u0142oszonych przez wybitnych profesor\u00f3w, nie odpowiada\u0142 wyobra\u017ceniom F\u00fchrera. Ostatecznie medal zaprojektowa\u0142 SS-Unterscharf\u00fchrer Ernst Krause, cz\u0142onek kom\u00f3rki odpowiedzialnej w Waffen-SS za propagand\u0119 i korespondent wojenny przy 1 Dywizji SS Leibstandarte Adolf Hitler. W 1942 dwudziestodwuletni Krause zaprezentowa\u0142 swoje prace na wielkiej niemieckiej wystawie sztuki. Wtedy to w\u0142a\u015bnie m\u0142ody artysta zwr\u00f3ci\u0142 na siebie uwag\u0119 Hitlera obrazem, przedstawiaj\u0105cym grup\u0119 cz\u0142onk\u00f3w dywizji LSSAH odznaczonych Krzy\u017cami Rycerskimi.<\/p>\n<p>Przy oficjalnych okazjach medal m\u00f3g\u0142 by\u0107 noszony zawieszony na wst\u0105\u017cce lub jako jeden z wielu \u2013 w grupie innych odznacze\u0144. Na co dzie\u0144 osoba odznaczona Ostmedaille mog\u0142a nosi\u0107 wst\u0105\u017ck\u0119 medalu przeci\u0105gni\u0119t\u0105 przez drug\u0105 dziurk\u0119 na guzik kurtki munduru albo prezentowa\u0107 wst\u0105\u017ck\u0119 odznaczenia na klamrze orderowej, nad kieszeni\u0105 po lewej stronie klatki piersiowej.<\/p>\n","protected":false},"excerpt":{"rendered":"<p>Medal Zimowy z bitw\u0119 na Wschodzie (Medal Wschodni) \u2013 niemieckie odznaczenie wojskowe, nadawane \u017co\u0142nierzom Wehrmachtu i ich sprzymierze\u0144com, kt\u00f3rzy zas\u0142u\u017cyli si\u0119 w walkach na froncie wschodnim w czasie mro\u017anej, rosyjskiej zimy na prze\u0142omie lat 1941\/1942. Medal Winterschlacht im Osten 1941\/42, znany r\u00f3wnie\u017c jako Ostmedaille, zosta\u0142 nadany dekretem kanclerza Rzeszy Hitlera z dnia 26 maja 1942 r. Mia\u0142 on wyra\u017ca\u0107 wspania\u0142e wyniki \u017co\u0142nierzy pierwszej linii w zimowej bitwie na wschodzie z bolszewickim wrogiem. Decyduj\u0105cy by\u0142 okres od 15 listopada 1941 do 14 kwietnia 1942 roku. Wyznaczony obszar znajdowa\u0142 si\u0119 na wsch\u00f3d od obszar\u00f3w Wehrmachtu na Ukrainie i Ostlandii oraz na wsch\u00f3d od granicy fi\u0144sko-rosyjskiej. Odznaczenie to przyznawane nie tylko cz\u0142onkom Wehrmachtu, ale tak\u017ce zagranicznym cz\u0142onkom Wehrmachtu, a p\u00f3\u017aniej tak\u017ce zagranicznym ochotnikom z okupowanych teren\u00f3w wschodnich oraz kobietom i robotnikom fabrycznym. Warunkiem by\u0142o mi\u0119dzy innymi 14 dni udzia\u0142u w walkach w rejonie, 30 lot\u00f3w nieprzyjaciela, rany lub odmro\u017cenia czy 60 dni pr\u00f3by w innej misji w tym czasie i we wspomnianym rejonie wschodnim. Mo\u017cliwe by\u0142o r\u00f3wnie\u017c przyznanie nagrody poleg\u0142ym i zaginionym. Medal zosta\u0142 nast\u0119pnie wys\u0142any do pogr\u0105\u017conych w \u017ca\u0142obie.<\/p>\n","protected":false},"featured_media":102,"template":"","meta":{"_kad_post_transparent":"","_kad_post_title":"","_kad_post_layout":"","_kad_post_sidebar_id":"","_kad_post_content_style":"","_kad_post_vertical_padding":"","_kad_post_feature":"","_kad_post_feature_position":"","_kad_post_header":false,"_kad_post_footer":false,"_kad_post_classname":""},"product_brand":[],"product_cat":[22],"product_tag":[31,32],"class_list":{"0":"post-97","1":"product","2":"type-product","3":"status-publish","4":"has-post-thumbnail","6":"product_cat-militaria","7":"product_tag-medal","8":"product_tag-militaria","10":"first","11":"outofstock","12":"purchasable","13":"product-type-simple","14":"entry","15":"content-bg","16":"loop-entry"},"jetpack_sharing_enabled":true,"_links":{"self":[{"href":"https:\/\/www.fant.pl\/index.php\/wp-json\/wp\/v2\/product\/97","targetHints":{"allow":["GET"]}}],"collection":[{"href":"https:\/\/www.fant.pl\/index.php\/wp-json\/wp\/v2\/product"}],"about":[{"href":"https:\/\/www.fant.pl\/index.php\/wp-json\/wp\/v2\/types\/product"}],"wp:featuredmedia":[{"embeddable":true,"href":"https:\/\/www.fant.pl\/index.php\/wp-json\/wp\/v2\/media\/102"}],"wp:attachment":[{"href":"https:\/\/www.fant.pl\/index.php\/wp-json\/wp\/v2\/media?parent=97"}],"wp:term":[{"taxonomy":"product_brand","embeddable":true,"href":"https:\/\/www.fant.pl\/index.php\/wp-json\/wp\/v2\/product_brand?post=97"},{"taxonomy":"product_cat","embeddable":true,"href":"https:\/\/www.fant.pl\/index.php\/wp-json\/wp\/v2\/product_cat?post=97"},{"taxonomy":"product_tag","embeddable":true,"href":"https:\/\/www.fant.pl\/index.php\/wp-json\/wp\/v2\/product_tag?post=97"}],"curies":[{"name":"wp","href":"https:\/\/api.w.org\/{rel}","templated":true}]}}